{"id":2482,"date":"2026-04-13T14:18:15","date_gmt":"2026-04-13T12:18:15","guid":{"rendered":"https:\/\/rubi.com.py\/index.php\/producto\/caldera-2-5l-silbador-f-doble-m-nylon-lissy-acero\/"},"modified":"2026-04-20T21:57:21","modified_gmt":"2026-04-20T19:57:21","slug":"caldera-2-5l-silbador-f-doble-m-nylon-lissy-acero","status":"publish","type":"product","link":"https:\/\/rubi.com.py\/index.php\/producto\/caldera-2-5l-silbador-f-doble-m-nylon-lissy-acero\/","title":{"rendered":"CALDERA 2.5L SILBADOR F.DOBLE M.NYLON LISSY ACERO"},"content":{"rendered":"<p>CALDERA 2.5L SILBADOR F.DOBLE M.NYLON LISSY ACERO Caracter\u00edsticas: -Textura: acero inoxidable 304 -Capacidad: 2.5L -Color: Plata -Resistente al \u00f3xido, duradero y resistente a la corrosi\u00f3n, y se puede utilizar durante mucho tiempo. -No contiene metales pesados, lo que le permite beber con confianza.<\/p>\n","protected":false},"excerpt":{"rendered":"<p>CALDERA 2.5L SILBADOR F.DOBLE M.NYLON LISSY ACERO<\/p>\n","protected":false},"featured_media":4570,"comment_status":"open","ping_status":"closed","template":"","meta":{"_et_pb_use_builder":"","_et_pb_old_content":"","_et_gb_content_width":""},"product_brand":[],"product_cat":[33],"product_tag":[],"class_list":{"0":"post-2482","1":"product","2":"type-product","3":"status-publish","4":"has-post-thumbnail","6":"product_cat-cocina-y-comedor","8":"first","9":"instock","10":"shipping-taxable","11":"purchasable","12":"product-type-simple"},"_links":{"self":[{"href":"https:\/\/rubi.com.py\/index.php\/wp-json\/wp\/v2\/product\/2482","targetHints":{"allow":["GET"]}}],"collection":[{"href":"https:\/\/rubi.com.py\/index.php\/wp-json\/wp\/v2\/product"}],"about":[{"href":"https:\/\/rubi.com.py\/index.php\/wp-json\/wp\/v2\/types\/product"}],"replies":[{"embeddable":true,"href":"https:\/\/rubi.com.py\/index.php\/wp-json\/wp\/v2\/comments?post=2482"}],"wp:featuredmedia":[{"embeddable":true,"href":"https:\/\/rubi.com.py\/index.php\/wp-json\/wp\/v2\/media\/4570"}],"wp:attachment":[{"href":"https:\/\/rubi.com.py\/index.php\/wp-json\/wp\/v2\/media?parent=2482"}],"wp:term":[{"taxonomy":"product_brand","embeddable":true,"href":"https:\/\/rubi.com.py\/index.php\/wp-json\/wp\/v2\/product_brand?post=2482"},{"taxonomy":"product_cat","embeddable":true,"href":"https:\/\/rubi.com.py\/index.php\/wp-json\/wp\/v2\/product_cat?post=2482"},{"taxonomy":"product_tag","embeddable":true,"href":"https:\/\/rubi.com.py\/index.php\/wp-json\/wp\/v2\/product_tag?post=2482"}],"curies":[{"name":"wp","href":"https:\/\/api.w.org\/{rel}","templated":true}]}}