{"id":2495,"date":"2026-04-13T20:39:41","date_gmt":"2026-04-13T18:39:41","guid":{"rendered":"https:\/\/rubi.com.py\/index.php\/producto\/lavarropas-whirlpool-wwi08bw-8-5kg-carga-sup-blanco-720rpm\/"},"modified":"2026-04-21T23:07:54","modified_gmt":"2026-04-21T21:07:54","slug":"lavarropas-whirlpool-wwi08bw-8-5kg-carga-sup-blanco-720rpm","status":"publish","type":"product","link":"https:\/\/rubi.com.py\/index.php\/producto\/lavarropas-whirlpool-wwi08bw-8-5kg-carga-sup-blanco-720rpm\/","title":{"rendered":"LAVARROPAS WHIRLPOOL WWI08BW 8.5KG CARGA SUP BLANCO 720RPM"},"content":{"rendered":"<p>* Bloqueo para ni\u00f1os Tecla especial de bloqueo para evitar travesuras y asegurar el cuidado de tu familia. * Inicio Diferido Posterga el lavado con las funciones seleccionadas hasta 24 horas. * Fast Cycle Calcula autom\u00e1ticamente el nivel del agua. * Smart Cycle Ropa limpia en 26 minutos. * Dispensador de jab\u00f3n-suavizante. * Tambor de Acero Inoxidable. * 720 RPM de centrifugado. * Tapa de vidrio templado. * Eficiencia energ\u00e9tica A. * 5 programas de lavado. * 8,5 Kg capacidad. * Sistema Impeller. * Panel Digital. MEDIDAS DEL PRODUCTO. * Ancho 58,5 cm. * Alto 95 cm. * Profumdidad 57 cm. Im\u00e1genes meramente ilustrativas. Im\u00e1genes e informaci\u00f3n sujetas a cambios sin previo aviso. Detalles t\u00e9cnicos: \u2022 ANCHO: 57,5 CM \u2022 ALTO: 102 CM \u2022 LARGO: 58,5 CM \u2022 PESO: 32000 GR<\/p>\n","protected":false},"excerpt":{"rendered":"<p>* Bloqueo para ni\u00f1os Tecla especial de bloqueo para evitar travesuras y asegurar el cuidado de tu familia. * Inicio Diferido Posterga el lavado con las funciones seleccionadas hasta 24 horas. * Fast Cycle Calcula autom\u00e1ticamente el nivel del agua. * Smart Cycle Ropa limpia en 26 minutos. * Dispensador de jab\u00f3n-suavizante. * Tambor de Acero Inoxidable. * 720 RPM de centrifugado. * Tapa de vidrio templado. * Eficiencia energ\u00e9tica A. * 5 programas de lavado. * 8,5 Kg capacidad. * Sistema Impeller. * Panel Digital. MEDIDAS DEL PRODUCTO. * Ancho 58,5 cm. * Alto 95 cm. * Profumdidad 57 cm. Im\u00e1genes meramente ilustrativas. Im\u00e1genes e informaci\u00f3n sujetas a cambios sin previo aviso.<\/p>\n","protected":false},"featured_media":4802,"comment_status":"open","ping_status":"closed","template":"","meta":{"_et_pb_use_builder":"","_et_pb_old_content":"","_et_gb_content_width":""},"product_brand":[],"product_cat":[41],"product_tag":[],"class_list":{"0":"post-2495","1":"product","2":"type-product","3":"status-publish","4":"has-post-thumbnail","6":"product_cat-lavado-y-cuidado-de-prendas","8":"first","9":"instock","10":"shipping-taxable","11":"purchasable","12":"product-type-simple"},"_links":{"self":[{"href":"https:\/\/rubi.com.py\/index.php\/wp-json\/wp\/v2\/product\/2495","targetHints":{"allow":["GET"]}}],"collection":[{"href":"https:\/\/rubi.com.py\/index.php\/wp-json\/wp\/v2\/product"}],"about":[{"href":"https:\/\/rubi.com.py\/index.php\/wp-json\/wp\/v2\/types\/product"}],"replies":[{"embeddable":true,"href":"https:\/\/rubi.com.py\/index.php\/wp-json\/wp\/v2\/comments?post=2495"}],"wp:featuredmedia":[{"embeddable":true,"href":"https:\/\/rubi.com.py\/index.php\/wp-json\/wp\/v2\/media\/4802"}],"wp:attachment":[{"href":"https:\/\/rubi.com.py\/index.php\/wp-json\/wp\/v2\/media?parent=2495"}],"wp:term":[{"taxonomy":"product_brand","embeddable":true,"href":"https:\/\/rubi.com.py\/index.php\/wp-json\/wp\/v2\/product_brand?post=2495"},{"taxonomy":"product_cat","embeddable":true,"href":"https:\/\/rubi.com.py\/index.php\/wp-json\/wp\/v2\/product_cat?post=2495"},{"taxonomy":"product_tag","embeddable":true,"href":"https:\/\/rubi.com.py\/index.php\/wp-json\/wp\/v2\/product_tag?post=2495"}],"curies":[{"name":"wp","href":"https:\/\/api.w.org\/{rel}","templated":true}]}}