{"id":2510,"date":"2026-04-14T03:22:17","date_gmt":"2026-04-14T01:22:17","guid":{"rendered":"https:\/\/rubi.com.py\/index.php\/producto\/cafetera-acero-inox-300ml-filtro-en-base-selecta\/"},"modified":"2026-04-15T13:07:14","modified_gmt":"2026-04-15T11:07:14","slug":"cafetera-acero-inox-300ml-filtro-en-base-selecta","status":"publish","type":"product","link":"https:\/\/rubi.com.py\/index.php\/producto\/cafetera-acero-inox-300ml-filtro-en-base-selecta\/","title":{"rendered":"CAFETERA ACERO INOX 300ML FILTRO EN BASE SELECTA"},"content":{"rendered":"<p>CAFETERA ACERO INOX 300ML FILTRO EN BASE SELECTA Caracter\u00edsticas: Hecha de Acero Inoxidable Larga vida \u00fatil Con propiedades anticorrosivas y antioxidantes. Mango c\u00f3modo Resistente a altas temperaturas y aislamiento Efecto anti escaldado. Excelente resistencia a la corrosi\u00f3n y al \u00f3xido.<\/p>\n","protected":false},"excerpt":{"rendered":"<p>CAFETERA ACERO INOX 300ML FILTRO EN BASE SELECTA<\/p>\n","protected":false},"featured_media":2552,"comment_status":"open","ping_status":"closed","template":"","meta":{"_et_pb_use_builder":"","_et_pb_old_content":"","_et_gb_content_width":""},"product_brand":[],"product_cat":[33,38],"product_tag":[],"class_list":{"0":"post-2510","1":"product","2":"type-product","3":"status-publish","4":"has-post-thumbnail","6":"product_cat-cocina-y-comedor","7":"product_cat-hogar-y-limpieza","9":"first","10":"instock","11":"shipping-taxable","12":"purchasable","13":"product-type-simple"},"_links":{"self":[{"href":"https:\/\/rubi.com.py\/index.php\/wp-json\/wp\/v2\/product\/2510","targetHints":{"allow":["GET"]}}],"collection":[{"href":"https:\/\/rubi.com.py\/index.php\/wp-json\/wp\/v2\/product"}],"about":[{"href":"https:\/\/rubi.com.py\/index.php\/wp-json\/wp\/v2\/types\/product"}],"replies":[{"embeddable":true,"href":"https:\/\/rubi.com.py\/index.php\/wp-json\/wp\/v2\/comments?post=2510"}],"wp:featuredmedia":[{"embeddable":true,"href":"https:\/\/rubi.com.py\/index.php\/wp-json\/wp\/v2\/media\/2552"}],"wp:attachment":[{"href":"https:\/\/rubi.com.py\/index.php\/wp-json\/wp\/v2\/media?parent=2510"}],"wp:term":[{"taxonomy":"product_brand","embeddable":true,"href":"https:\/\/rubi.com.py\/index.php\/wp-json\/wp\/v2\/product_brand?post=2510"},{"taxonomy":"product_cat","embeddable":true,"href":"https:\/\/rubi.com.py\/index.php\/wp-json\/wp\/v2\/product_cat?post=2510"},{"taxonomy":"product_tag","embeddable":true,"href":"https:\/\/rubi.com.py\/index.php\/wp-json\/wp\/v2\/product_tag?post=2510"}],"curies":[{"name":"wp","href":"https:\/\/api.w.org\/{rel}","templated":true}]}}