{"id":252,"date":"2025-09-09T03:16:28","date_gmt":"2025-09-09T01:16:28","guid":{"rendered":"https:\/\/rubi.com.py\/index.php\/producto\/parrilla-electrica-familiar-george-foreman-gfo3320s-cl-15-porciones-2000w-adap\/"},"modified":"2026-04-20T21:56:44","modified_gmt":"2026-04-20T19:56:44","slug":"parrilla-electrica-familiar-george-foreman-gfo3320s-cl-15-porciones-2000w-adap","status":"publish","type":"product","link":"https:\/\/rubi.com.py\/index.php\/producto\/parrilla-electrica-familiar-george-foreman-gfo3320s-cl-15-porciones-2000w-adap\/","title":{"rendered":"PARRILLA ELECTRICA FAMILIAR GEORGE FOREMAN GFO3320S-CL 15 PORCIONES 2000W + ADAP"},"content":{"rendered":"<p>* Es perfecta para cocinar tanto en el exterior como en el interior de la casa. * Rendimiento vers\u00e1til para una variedad de deliciosos alimentos a la parrilla. * Bandeja de goteo apta para el lavavajillas. * Superficie de cer\u00e1mica antiadherente. * Superficie con inclinaci\u00f3n. * Indicador de temperatura. * Temperatura variable. * Potencia 2500W. Im\u00e1genes meramente ilustrativas. Im\u00e1genes e informaci\u00f3n sujetas a cambios sin previo aviso. Detalles t\u00e9cnicos: \u2022 POTENCIA: 2500 Watts \u2022 TENSION ELECTRICA: 220 VOLTIOS \u2022 FRECUENCIA ELECTRICA: 50 HERTZ \u2022 ANCHO: 30,6 CM \u2022 ALTO: 60,5 CM \u2022 LARGO: 53,6 CM \u2022 PESO: 8400 GR<\/p>\n","protected":false},"excerpt":{"rendered":"<p>* Es perfecta para cocinar tanto en el exterior como en el interior de la casa. * Rendimiento vers\u00e1til para una variedad de deliciosos alimentos a la parrilla. * Bandeja de goteo apta para el lavavajillas. * Superficie de cer\u00e1mica antiadherente. * Superficie con inclinaci\u00f3n. * Indicador de temperatura. * Temperatura variable. * Potencia 2500W. Im\u00e1genes meramente ilustrativas. Im\u00e1genes e informaci\u00f3n sujetas a cambios sin previo aviso.<\/p>\n","protected":false},"featured_media":4568,"comment_status":"open","ping_status":"closed","template":"","meta":{"_et_pb_use_builder":"","_et_pb_old_content":"","_et_gb_content_width":""},"product_brand":[],"product_cat":[33],"product_tag":[],"class_list":{"0":"post-252","1":"product","2":"type-product","3":"status-publish","4":"has-post-thumbnail","6":"product_cat-cocina-y-comedor","8":"first","9":"instock","10":"shipping-taxable","11":"purchasable","12":"product-type-simple"},"_links":{"self":[{"href":"https:\/\/rubi.com.py\/index.php\/wp-json\/wp\/v2\/product\/252","targetHints":{"allow":["GET"]}}],"collection":[{"href":"https:\/\/rubi.com.py\/index.php\/wp-json\/wp\/v2\/product"}],"about":[{"href":"https:\/\/rubi.com.py\/index.php\/wp-json\/wp\/v2\/types\/product"}],"replies":[{"embeddable":true,"href":"https:\/\/rubi.com.py\/index.php\/wp-json\/wp\/v2\/comments?post=252"}],"wp:featuredmedia":[{"embeddable":true,"href":"https:\/\/rubi.com.py\/index.php\/wp-json\/wp\/v2\/media\/4568"}],"wp:attachment":[{"href":"https:\/\/rubi.com.py\/index.php\/wp-json\/wp\/v2\/media?parent=252"}],"wp:term":[{"taxonomy":"product_brand","embeddable":true,"href":"https:\/\/rubi.com.py\/index.php\/wp-json\/wp\/v2\/product_brand?post=252"},{"taxonomy":"product_cat","embeddable":true,"href":"https:\/\/rubi.com.py\/index.php\/wp-json\/wp\/v2\/product_cat?post=252"},{"taxonomy":"product_tag","embeddable":true,"href":"https:\/\/rubi.com.py\/index.php\/wp-json\/wp\/v2\/product_tag?post=252"}],"curies":[{"name":"wp","href":"https:\/\/api.w.org\/{rel}","templated":true}]}}