{"id":2526,"date":"2026-04-14T14:28:42","date_gmt":"2026-04-14T12:28:42","guid":{"rendered":"https:\/\/rubi.com.py\/index.php\/producto\/cafetera-espreso-barista-nappo-nec-241j-beige\/"},"modified":"2026-04-15T13:31:10","modified_gmt":"2026-04-15T11:31:10","slug":"cafetera-espreso-barista-nappo-nec-241j-beige","status":"publish","type":"product","link":"https:\/\/rubi.com.py\/index.php\/producto\/cafetera-espreso-barista-nappo-nec-241j-beige\/","title":{"rendered":"CAFETERA ESPRESO BARISTA NAPPO NEC-241J BEIGE"},"content":{"rendered":"<p>CAFETERA ESPRESO BARISTA NAPPO NEC-241J BEIGE Caracter\u00edsticas: -Cafetera Multifunci\u00f3n.-Selecci\u00f3n de la capacidad: est\u00e1ndar \/ doble.-Funci\u00f3n de espumado de leche (Varilla de vapor).-Compatible con c\u00e1psulas Dolce Gusto\u00ae.-Bomba de alta presi\u00f3n de 20 bares.-Potencia: 1400W.-Control t\u00e1ctil.-Dep\u00f3sito de agua de 1,1L extra\u00edble.-Plato superior calienta tazas.-Accesorios incluidos: Filtro para caf\u00e9 molido, Portafiltro, Adaptador para c\u00e1psulas Dolce Gusto, Cuchara medidora de caf\u00e9 y Jarra de leche.<\/p>\n","protected":false},"excerpt":{"rendered":"<p>CAFETERA ESPRESO BARISTA NAPPO NEC-241J BEIGE<\/p>\n","protected":false},"featured_media":2593,"comment_status":"open","ping_status":"closed","template":"","meta":{"_et_pb_use_builder":"","_et_pb_old_content":"","_et_gb_content_width":""},"product_brand":[],"product_cat":[33],"product_tag":[],"class_list":{"0":"post-2526","1":"product","2":"type-product","3":"status-publish","4":"has-post-thumbnail","6":"product_cat-cocina-y-comedor","8":"first","9":"instock","10":"shipping-taxable","11":"purchasable","12":"product-type-simple"},"_links":{"self":[{"href":"https:\/\/rubi.com.py\/index.php\/wp-json\/wp\/v2\/product\/2526","targetHints":{"allow":["GET"]}}],"collection":[{"href":"https:\/\/rubi.com.py\/index.php\/wp-json\/wp\/v2\/product"}],"about":[{"href":"https:\/\/rubi.com.py\/index.php\/wp-json\/wp\/v2\/types\/product"}],"replies":[{"embeddable":true,"href":"https:\/\/rubi.com.py\/index.php\/wp-json\/wp\/v2\/comments?post=2526"}],"wp:featuredmedia":[{"embeddable":true,"href":"https:\/\/rubi.com.py\/index.php\/wp-json\/wp\/v2\/media\/2593"}],"wp:attachment":[{"href":"https:\/\/rubi.com.py\/index.php\/wp-json\/wp\/v2\/media?parent=2526"}],"wp:term":[{"taxonomy":"product_brand","embeddable":true,"href":"https:\/\/rubi.com.py\/index.php\/wp-json\/wp\/v2\/product_brand?post=2526"},{"taxonomy":"product_cat","embeddable":true,"href":"https:\/\/rubi.com.py\/index.php\/wp-json\/wp\/v2\/product_cat?post=2526"},{"taxonomy":"product_tag","embeddable":true,"href":"https:\/\/rubi.com.py\/index.php\/wp-json\/wp\/v2\/product_tag?post=2526"}],"curies":[{"name":"wp","href":"https:\/\/api.w.org\/{rel}","templated":true}]}}