{"id":2534,"date":"2026-04-14T21:19:47","date_gmt":"2026-04-14T19:19:47","guid":{"rendered":"https:\/\/rubi.com.py\/index.php\/producto\/auricular-sony-wh-1000xm3-bluetooth-black\/"},"modified":"2026-04-15T15:04:04","modified_gmt":"2026-04-15T13:04:04","slug":"auricular-sony-wh-1000xm3-bluetooth-black","status":"publish","type":"product","link":"https:\/\/rubi.com.py\/index.php\/producto\/auricular-sony-wh-1000xm3-bluetooth-black\/","title":{"rendered":"AURICULAR SONY WH-1000XM3 BLUETOOTH BLACK"},"content":{"rendered":"<p>* Auricular inal\u00e1mbrico con cancelaci\u00f3n de ruido. * Procesador de cancelaci\u00f3n de ruido HD QN1. * Estructura plegable giratoria. * Bluetooth 4.2 y NFC. * Diafragma de 40 mm. * Peso de 255 g. * Reproducci\u00f3n hasta 30 h. * Carga r\u00e1pida de 10 minutos para 5 horas de reproducci\u00f3n. * Carga completa en 3 h. * USB C. * Micr\u00f3fono incorporado. * Panel touch para contestar llamada, cambiar canci\u00f3n y conectar al asistente de voz. * Formatos de audio AAC, SBC, aptX , aptX HD, LDAC. * Incluye 1 funda de transporte. Detalles t\u00e9cnicos: \u2022 ANCHO: 7,5 CM \u2022 ALTO: 25 CM \u2022 LARGO: 18,4 CM \u2022 PESO: 1 GR<\/p>\n","protected":false},"excerpt":{"rendered":"<p>* Auricular inal\u00e1mbrico con cancelaci\u00f3n de ruido. * Procesador de cancelaci\u00f3n de ruido HD QN1. * Estructura plegable giratoria. * Bluetooth 4.2 y NFC. * Diafragma de 40 mm. * Peso de 255 g. * Reproducci\u00f3n hasta 30 h. * Carga r\u00e1pida de 10 minutos para 5 horas de reproducci\u00f3n. * Carga completa en 3 h. * USB C. * Micr\u00f3fono incorporado. * Panel touch para contestar llamada, cambiar canci\u00f3n y conectar al asistente de voz. * Formatos de audio AAC, SBC, aptX , aptX HD, LDAC. * Incluye 1 funda de transporte.<\/p>\n","protected":false},"featured_media":2677,"comment_status":"open","ping_status":"closed","template":"","meta":{"_et_pb_use_builder":"","_et_pb_old_content":"","_et_gb_content_width":""},"product_brand":[],"product_cat":[46],"product_tag":[],"class_list":{"0":"post-2534","1":"product","2":"type-product","3":"status-publish","4":"has-post-thumbnail","6":"product_cat-tecnologia","8":"first","9":"instock","10":"shipping-taxable","11":"purchasable","12":"product-type-simple"},"_links":{"self":[{"href":"https:\/\/rubi.com.py\/index.php\/wp-json\/wp\/v2\/product\/2534","targetHints":{"allow":["GET"]}}],"collection":[{"href":"https:\/\/rubi.com.py\/index.php\/wp-json\/wp\/v2\/product"}],"about":[{"href":"https:\/\/rubi.com.py\/index.php\/wp-json\/wp\/v2\/types\/product"}],"replies":[{"embeddable":true,"href":"https:\/\/rubi.com.py\/index.php\/wp-json\/wp\/v2\/comments?post=2534"}],"wp:featuredmedia":[{"embeddable":true,"href":"https:\/\/rubi.com.py\/index.php\/wp-json\/wp\/v2\/media\/2677"}],"wp:attachment":[{"href":"https:\/\/rubi.com.py\/index.php\/wp-json\/wp\/v2\/media?parent=2534"}],"wp:term":[{"taxonomy":"product_brand","embeddable":true,"href":"https:\/\/rubi.com.py\/index.php\/wp-json\/wp\/v2\/product_brand?post=2534"},{"taxonomy":"product_cat","embeddable":true,"href":"https:\/\/rubi.com.py\/index.php\/wp-json\/wp\/v2\/product_cat?post=2534"},{"taxonomy":"product_tag","embeddable":true,"href":"https:\/\/rubi.com.py\/index.php\/wp-json\/wp\/v2\/product_tag?post=2534"}],"curies":[{"name":"wp","href":"https:\/\/api.w.org\/{rel}","templated":true}]}}