{"id":2536,"date":"2026-04-14T21:23:32","date_gmt":"2026-04-14T19:23:32","guid":{"rendered":"https:\/\/rubi.com.py\/index.php\/producto\/auricular-gamer-sony-inzone-wh-g900-h9-white-bt-nc\/"},"modified":"2026-04-15T13:03:26","modified_gmt":"2026-04-15T11:03:26","slug":"auricular-gamer-sony-inzone-wh-g900-h9-white-bt-nc","status":"publish","type":"product","link":"https:\/\/rubi.com.py\/index.php\/producto\/auricular-gamer-sony-inzone-wh-g900-h9-white-bt-nc\/","title":{"rendered":"AURICULAR GAMER SONY INZONE WH-G900 H9 WHITE BT NC"},"content":{"rendered":"<p>* Auricular tipo diadema acolchada supra aural con cancelaci\u00f3n de ruido. * Reproducci\u00f3n hasta 32 h. * Carga r\u00e1pida de 10 minutos para 60 minutos de juego. * Bluetooth 5.0 y red inal\u00e1mbrica de 2,4 GHz. * Diafragma de 40 mm tipo c\u00fapula (bobina de voz de cable de aluminio encobrado). * Ductos en la carcasa que controlan y optimizan sonidos de baja frecuencia para graves potentes y sonidos profundos. * Almohadilla de cuero suave que ofrece comodidad, estabilidad y aislamiento ac\u00fastico. * Micr\u00f3fono flexible y plegable hacia abajo para hablar \u00f3 hacia arriba para silenciar. * Bot\u00f3n del auricular izquierdo para cambiar el dial de volumen. * Bot\u00f3n del auricular derecho para cambiar de juego y chat, bluetooth y encendido. * Aplicaci\u00f3n PC INZONE Hub para activar el sonido espacial 360. * Certificado para chatear por voz en Discord mientras se juega en l\u00ednea. * Peso 330 g. * Incluye cable USB-C a USB-A y transceptor USB. * Formatos de audio AAC, SBC. Detalles t\u00e9cnicos: \u2022 ANCHO: 4 CM \u2022 ALTO: 22 CM \u2022 LARGO: 17 CM \u2022 PESO: 20 GR<\/p>\n","protected":false},"excerpt":{"rendered":"<p>* Auricular tipo diadema acolchada supra aural con cancelaci\u00f3n de ruido. * Reproducci\u00f3n hasta 32 h. * Carga r\u00e1pida de 10 minutos para 60 minutos de juego. * Bluetooth 5.0 y red inal\u00e1mbrica de 2,4 GHz. * Diafragma de 40 mm tipo c\u00fapula (bobina de voz de cable de aluminio encobrado). * Ductos en la carcasa que controlan y optimizan sonidos de baja frecuencia para graves potentes y sonidos profundos. * Almohadilla de cuero suave que ofrece comodidad, estabilidad y aislamiento ac\u00fastico. * Micr\u00f3fono flexible y plegable hacia abajo para hablar \u00f3 hacia arriba para silenciar. * Bot\u00f3n del auricular izquierdo para cambiar el dial de volumen. * Bot\u00f3n del auricular derecho para cambiar de juego y chat, bluetooth y encendido. * Aplicaci\u00f3n PC INZONE Hub para activar el sonido espacial 360. * Certificado para chatear por voz en Discord mientras se juega en l\u00ednea. * Peso 330 g. * Incluye cable USB-C a USB-A y transceptor USB. * Formatos de audio AAC, SBC.<\/p>\n","protected":false},"featured_media":2549,"comment_status":"open","ping_status":"closed","template":"","meta":{"_et_pb_use_builder":"","_et_pb_old_content":"","_et_gb_content_width":""},"product_brand":[],"product_cat":[46],"product_tag":[],"class_list":{"0":"post-2536","1":"product","2":"type-product","3":"status-publish","4":"has-post-thumbnail","6":"product_cat-tecnologia","8":"first","9":"instock","10":"shipping-taxable","11":"purchasable","12":"product-type-simple"},"_links":{"self":[{"href":"https:\/\/rubi.com.py\/index.php\/wp-json\/wp\/v2\/product\/2536","targetHints":{"allow":["GET"]}}],"collection":[{"href":"https:\/\/rubi.com.py\/index.php\/wp-json\/wp\/v2\/product"}],"about":[{"href":"https:\/\/rubi.com.py\/index.php\/wp-json\/wp\/v2\/types\/product"}],"replies":[{"embeddable":true,"href":"https:\/\/rubi.com.py\/index.php\/wp-json\/wp\/v2\/comments?post=2536"}],"wp:featuredmedia":[{"embeddable":true,"href":"https:\/\/rubi.com.py\/index.php\/wp-json\/wp\/v2\/media\/2549"}],"wp:attachment":[{"href":"https:\/\/rubi.com.py\/index.php\/wp-json\/wp\/v2\/media?parent=2536"}],"wp:term":[{"taxonomy":"product_brand","embeddable":true,"href":"https:\/\/rubi.com.py\/index.php\/wp-json\/wp\/v2\/product_brand?post=2536"},{"taxonomy":"product_cat","embeddable":true,"href":"https:\/\/rubi.com.py\/index.php\/wp-json\/wp\/v2\/product_cat?post=2536"},{"taxonomy":"product_tag","embeddable":true,"href":"https:\/\/rubi.com.py\/index.php\/wp-json\/wp\/v2\/product_tag?post=2536"}],"curies":[{"name":"wp","href":"https:\/\/api.w.org\/{rel}","templated":true}]}}