{"id":254,"date":"2025-09-09T03:16:48","date_gmt":"2025-09-09T01:16:48","guid":{"rendered":"https:\/\/rubi.com.py\/index.php\/producto\/parlante-tokyo-party-boom-105-bateria-10800mah-bt-tws-1-microf\/"},"modified":"2026-04-20T21:55:38","modified_gmt":"2026-04-20T19:55:38","slug":"parlante-tokyo-party-boom-105-bateria-10800mah-bt-tws-1-microf","status":"publish","type":"product","link":"https:\/\/rubi.com.py\/index.php\/producto\/parlante-tokyo-party-boom-105-bateria-10800mah-bt-tws-1-microf\/","title":{"rendered":"PARLANTE TOKYO PARTY BOOM 10,5&#8243;  BATERIA 10800mAh BT-TWS 1 MICROF."},"content":{"rendered":"<p>* +5 horas de duraci\u00f3n de bater\u00eda. * TWS para emparejar 2 speakers. * Potencia 50W x 1 + 10W x 2. * Bluetooth 5.3 (Alcance 15m). * Incluye 1 micr\u00f3fono Karaoke. * Resistente al agua IPX5. * Entrada para pendrive. * Bater\u00eda 5.400mAh. * Carga con USB C. * Luces LED. Im\u00e1genes meramente ilustrativas. Im\u00e1genes e informaci\u00f3n sujetas a cambios sin previo aviso. Detalles t\u00e9cnicos: \u2022 ANCHO: 27,6 CM \u2022 ALTO: 33,6 CM \u2022 LARGO: 27,2 CM \u2022 PESO: 4700 GR<\/p>\n","protected":false},"excerpt":{"rendered":"<p>* +5 horas de duraci\u00f3n de bater\u00eda. * TWS para emparejar 2 speakers. * Potencia 50W x 1 + 10W x 2. * Bluetooth 5.3 (Alcance 15m). * Incluye 1 micr\u00f3fono Karaoke. * Resistente al agua IPX5. * Entrada para pendrive. * Bater\u00eda 5.400mAh. * Carga con USB C. * Luces LED. Im\u00e1genes meramente ilustrativas. Im\u00e1genes e informaci\u00f3n sujetas a cambios sin previo aviso.<\/p>\n","protected":false},"featured_media":4565,"comment_status":"open","ping_status":"closed","template":"","meta":{"_et_pb_use_builder":"","_et_pb_old_content":"","_et_gb_content_width":""},"product_brand":[],"product_cat":[46],"product_tag":[],"class_list":{"0":"post-254","1":"product","2":"type-product","3":"status-publish","4":"has-post-thumbnail","6":"product_cat-tecnologia","8":"first","9":"instock","10":"shipping-taxable","11":"purchasable","12":"product-type-simple"},"_links":{"self":[{"href":"https:\/\/rubi.com.py\/index.php\/wp-json\/wp\/v2\/product\/254","targetHints":{"allow":["GET"]}}],"collection":[{"href":"https:\/\/rubi.com.py\/index.php\/wp-json\/wp\/v2\/product"}],"about":[{"href":"https:\/\/rubi.com.py\/index.php\/wp-json\/wp\/v2\/types\/product"}],"replies":[{"embeddable":true,"href":"https:\/\/rubi.com.py\/index.php\/wp-json\/wp\/v2\/comments?post=254"}],"wp:featuredmedia":[{"embeddable":true,"href":"https:\/\/rubi.com.py\/index.php\/wp-json\/wp\/v2\/media\/4565"}],"wp:attachment":[{"href":"https:\/\/rubi.com.py\/index.php\/wp-json\/wp\/v2\/media?parent=254"}],"wp:term":[{"taxonomy":"product_brand","embeddable":true,"href":"https:\/\/rubi.com.py\/index.php\/wp-json\/wp\/v2\/product_brand?post=254"},{"taxonomy":"product_cat","embeddable":true,"href":"https:\/\/rubi.com.py\/index.php\/wp-json\/wp\/v2\/product_cat?post=254"},{"taxonomy":"product_tag","embeddable":true,"href":"https:\/\/rubi.com.py\/index.php\/wp-json\/wp\/v2\/product_tag?post=254"}],"curies":[{"name":"wp","href":"https:\/\/api.w.org\/{rel}","templated":true}]}}