{"id":2542,"date":"2026-04-14T21:27:02","date_gmt":"2026-04-14T19:27:02","guid":{"rendered":"https:\/\/rubi.com.py\/index.php\/producto\/armario-de-refrigeracion-1-p-gastronorm-fagor-cup-11g1-1-inox\/"},"modified":"2026-04-15T13:02:36","modified_gmt":"2026-04-15T11:02:36","slug":"armario-de-refrigeracion-1-p-gastronorm-fagor-cup-11g1-1-inox","status":"publish","type":"product","link":"https:\/\/rubi.com.py\/index.php\/producto\/armario-de-refrigeracion-1-p-gastronorm-fagor-cup-11g1-1-inox\/","title":{"rendered":"ARMARIO DE REFRIGERACI\u00d3N 1 P GASTRONORM FAGOR CUP-11G1\/1 INOX"},"content":{"rendered":"<p>* Temperatura de trabajo 0 \u00baC, +8 \u00baC. * Potencia el\u00e9ctrica 0,183 Kw. * Frecuencia el\u00e9ctrica 50 Hz. * Distancia 55mm cada uno. * Capacidad de 23 niveles. * Voltaje 230 V -1N. MEDIDAS DEL PRODUCTO. * Ancho 653 mm. * Fondo 842 mm. * Alto 2040 mm. Im\u00e1genes meramente ilustrativas. Im\u00e1genes e informaci\u00f3n sujetas a cambios sin previo aviso. Detalles t\u00e9cnicos: \u2022 ANCHO: 72,6 CM \u2022 ALTO: 206,7 CM \u2022 LARGO: 69,3 CM \u2022 PESO: GR<\/p>\n","protected":false},"excerpt":{"rendered":"<p>* Temperatura de trabajo 0 \u00baC, +8 \u00baC. * Potencia el\u00e9ctrica 0,183 Kw. * Frecuencia el\u00e9ctrica 50 Hz. * Distancia 55mm cada uno. * Capacidad de 23 niveles. * Voltaje 230 V -1N. MEDIDAS DEL PRODUCTO. * Ancho 653 mm. * Fondo 842 mm. * Alto 2040 mm. Im\u00e1genes meramente ilustrativas. Im\u00e1genes e informaci\u00f3n sujetas a cambios sin previo aviso.<\/p>\n","protected":false},"featured_media":2547,"comment_status":"open","ping_status":"closed","template":"","meta":{"_et_pb_use_builder":"","_et_pb_old_content":"","_et_gb_content_width":""},"product_brand":[],"product_cat":[43],"product_tag":[],"class_list":{"0":"post-2542","1":"product","2":"type-product","3":"status-publish","4":"has-post-thumbnail","6":"product_cat-refrigeracion","8":"first","9":"instock","10":"shipping-taxable","11":"purchasable","12":"product-type-simple"},"_links":{"self":[{"href":"https:\/\/rubi.com.py\/index.php\/wp-json\/wp\/v2\/product\/2542","targetHints":{"allow":["GET"]}}],"collection":[{"href":"https:\/\/rubi.com.py\/index.php\/wp-json\/wp\/v2\/product"}],"about":[{"href":"https:\/\/rubi.com.py\/index.php\/wp-json\/wp\/v2\/types\/product"}],"replies":[{"embeddable":true,"href":"https:\/\/rubi.com.py\/index.php\/wp-json\/wp\/v2\/comments?post=2542"}],"wp:featuredmedia":[{"embeddable":true,"href":"https:\/\/rubi.com.py\/index.php\/wp-json\/wp\/v2\/media\/2547"}],"wp:attachment":[{"href":"https:\/\/rubi.com.py\/index.php\/wp-json\/wp\/v2\/media?parent=2542"}],"wp:term":[{"taxonomy":"product_brand","embeddable":true,"href":"https:\/\/rubi.com.py\/index.php\/wp-json\/wp\/v2\/product_brand?post=2542"},{"taxonomy":"product_cat","embeddable":true,"href":"https:\/\/rubi.com.py\/index.php\/wp-json\/wp\/v2\/product_cat?post=2542"},{"taxonomy":"product_tag","embeddable":true,"href":"https:\/\/rubi.com.py\/index.php\/wp-json\/wp\/v2\/product_tag?post=2542"}],"curies":[{"name":"wp","href":"https:\/\/api.w.org\/{rel}","templated":true}]}}