{"id":2545,"date":"2026-04-15T12:31:20","date_gmt":"2026-04-15T10:31:20","guid":{"rendered":"https:\/\/rubi.com.py\/index.php\/producto\/vitrina-caliente-ecosilkon-15-bandejas-120-mts\/"},"modified":"2026-04-15T12:31:33","modified_gmt":"2026-04-15T10:31:33","slug":"vitrina-caliente-ecosilkon-15-bandejas-120-mts","status":"publish","type":"product","link":"https:\/\/rubi.com.py\/index.php\/producto\/vitrina-caliente-ecosilkon-15-bandejas-120-mts\/","title":{"rendered":"VITRINA CALIENTE ECOSILKON &#8211; 15 BANDEJAS &#8211; 1,20 MTS"},"content":{"rendered":"<p>* Parrillas met\u00e1licas robustas. * Calor constante y uniforme. * Temperatura 40\u00b0 a 65\u00b0 C. * Capacidad 15 Bandejas. * Pies ajustables. * Vidrio recto. MEDIDAS DEL PRODUCTO. * Frente 1200 mm. * Lateral 500 mm. * Altura 1100 mm. Im\u00e1genes meramente ilustrativas. Im\u00e1genes e informaci\u00f3n sujetas a cambios sin previo aviso. Detalles t\u00e9cnicos: \u2022 ANCHO: 80 CM \u2022 ALTO: 148 CM \u2022 LARGO: 160 CM \u2022 PESO: 14500 GR<\/p>\n","protected":false},"excerpt":{"rendered":"<p>* Parrillas met\u00e1licas robustas. * Calor constante y uniforme. * Temperatura 40\u00b0 a 65\u00b0 C. * Capacidad 15 Bandejas. * Pies ajustables. * Vidrio recto. MEDIDAS DEL PRODUCTO. * Frente 1200 mm. * Lateral 500 mm. * Altura 1100 mm. Im\u00e1genes meramente ilustrativas. Im\u00e1genes e informaci\u00f3n sujetas a cambios sin previo aviso.<\/p>\n","protected":false},"featured_media":2546,"comment_status":"open","ping_status":"closed","template":"","meta":{"_et_pb_use_builder":"","_et_pb_old_content":"","_et_gb_content_width":""},"product_brand":[],"product_cat":[33],"product_tag":[],"class_list":{"0":"post-2545","1":"product","2":"type-product","3":"status-publish","4":"has-post-thumbnail","6":"product_cat-cocina-y-comedor","8":"first","9":"instock","10":"shipping-taxable","11":"purchasable","12":"product-type-simple"},"_links":{"self":[{"href":"https:\/\/rubi.com.py\/index.php\/wp-json\/wp\/v2\/product\/2545","targetHints":{"allow":["GET"]}}],"collection":[{"href":"https:\/\/rubi.com.py\/index.php\/wp-json\/wp\/v2\/product"}],"about":[{"href":"https:\/\/rubi.com.py\/index.php\/wp-json\/wp\/v2\/types\/product"}],"replies":[{"embeddable":true,"href":"https:\/\/rubi.com.py\/index.php\/wp-json\/wp\/v2\/comments?post=2545"}],"wp:featuredmedia":[{"embeddable":true,"href":"https:\/\/rubi.com.py\/index.php\/wp-json\/wp\/v2\/media\/2546"}],"wp:attachment":[{"href":"https:\/\/rubi.com.py\/index.php\/wp-json\/wp\/v2\/media?parent=2545"}],"wp:term":[{"taxonomy":"product_brand","embeddable":true,"href":"https:\/\/rubi.com.py\/index.php\/wp-json\/wp\/v2\/product_brand?post=2545"},{"taxonomy":"product_cat","embeddable":true,"href":"https:\/\/rubi.com.py\/index.php\/wp-json\/wp\/v2\/product_cat?post=2545"},{"taxonomy":"product_tag","embeddable":true,"href":"https:\/\/rubi.com.py\/index.php\/wp-json\/wp\/v2\/product_tag?post=2545"}],"curies":[{"name":"wp","href":"https:\/\/api.w.org\/{rel}","templated":true}]}}