{"id":2561,"date":"2026-04-15T13:13:39","date_gmt":"2026-04-15T11:13:39","guid":{"rendered":"https:\/\/rubi.com.py\/index.php\/producto\/visicooler-p-bebidas-tokyo-tokvsc14-digital140l-com-120l-neto\/"},"modified":"2026-04-15T13:13:39","modified_gmt":"2026-04-15T11:13:39","slug":"visicooler-p-bebidas-tokyo-tokvsc14-digital140l-com-120l-neto","status":"publish","type":"product","link":"https:\/\/rubi.com.py\/index.php\/producto\/visicooler-p-bebidas-tokyo-tokvsc14-digital140l-com-120l-neto\/","title":{"rendered":"VISICOOLER P\/BEBIDAS TOKYO TOKVSC14-DIGITAL140L COM\/120L NETO"},"content":{"rendered":"<p>* Fr\u00edo seco TROPICALIZADO. * Con vidrio ploteado. * Funci\u00f3n desempa\u00f1ador. * Con display LED. * Con estantes regulables. * Capacidad 110 Litros. * Bebidas en general. * Llave y cerradura. * Con ruedas. * Gas Eco R600a. * Rango -6\u00ba hasta 10\u00ba. MEDIDAS * Ancho 55 cm. * Altura 100 cm. * Profundidad 59 cm. Detalles t\u00e9cnicos: \u2022 ANCHO: 60 CM \u2022 ALTO: 103 CM \u2022 LARGO: 58 CM \u2022 PESO: 43000 GR<\/p>\n","protected":false},"excerpt":{"rendered":"<p>* Fr\u00edo seco TROPICALIZADO. * Con vidrio ploteado. * Funci\u00f3n desempa\u00f1ador. * Con display LED. * Con estantes regulables. * Capacidad 110 Litros. * Bebidas en general. * Llave y cerradura. * Con ruedas. * Gas Eco R600a. * Rango -6\u00ba hasta 10\u00ba. MEDIDAS * Ancho 55 cm. * Altura 100 cm. * Profundidad 59 cm.<\/p>\n","protected":false},"featured_media":2560,"comment_status":"open","ping_status":"closed","template":"","meta":{"_et_pb_use_builder":"","_et_pb_old_content":"","_et_gb_content_width":""},"product_brand":[],"product_cat":[43],"product_tag":[],"class_list":{"0":"post-2561","1":"product","2":"type-product","3":"status-publish","4":"has-post-thumbnail","6":"product_cat-refrigeracion","8":"first","9":"instock","10":"shipping-taxable","11":"purchasable","12":"product-type-simple"},"_links":{"self":[{"href":"https:\/\/rubi.com.py\/index.php\/wp-json\/wp\/v2\/product\/2561","targetHints":{"allow":["GET"]}}],"collection":[{"href":"https:\/\/rubi.com.py\/index.php\/wp-json\/wp\/v2\/product"}],"about":[{"href":"https:\/\/rubi.com.py\/index.php\/wp-json\/wp\/v2\/types\/product"}],"replies":[{"embeddable":true,"href":"https:\/\/rubi.com.py\/index.php\/wp-json\/wp\/v2\/comments?post=2561"}],"wp:featuredmedia":[{"embeddable":true,"href":"https:\/\/rubi.com.py\/index.php\/wp-json\/wp\/v2\/media\/2560"}],"wp:attachment":[{"href":"https:\/\/rubi.com.py\/index.php\/wp-json\/wp\/v2\/media?parent=2561"}],"wp:term":[{"taxonomy":"product_brand","embeddable":true,"href":"https:\/\/rubi.com.py\/index.php\/wp-json\/wp\/v2\/product_brand?post=2561"},{"taxonomy":"product_cat","embeddable":true,"href":"https:\/\/rubi.com.py\/index.php\/wp-json\/wp\/v2\/product_cat?post=2561"},{"taxonomy":"product_tag","embeddable":true,"href":"https:\/\/rubi.com.py\/index.php\/wp-json\/wp\/v2\/product_tag?post=2561"}],"curies":[{"name":"wp","href":"https:\/\/api.w.org\/{rel}","templated":true}]}}