{"id":2564,"date":"2026-04-15T13:16:37","date_gmt":"2026-04-15T11:16:37","guid":{"rendered":"https:\/\/rubi.com.py\/index.php\/producto\/parlante-inalambrico-lvl-lmp-002-azul-c-luces-2-microfonos\/"},"modified":"2026-04-15T13:16:37","modified_gmt":"2026-04-15T11:16:37","slug":"parlante-inalambrico-lvl-lmp-002-azul-c-luces-2-microfonos","status":"publish","type":"product","link":"https:\/\/rubi.com.py\/index.php\/producto\/parlante-inalambrico-lvl-lmp-002-azul-c-luces-2-microfonos\/","title":{"rendered":"PARLANTE INALAMBRICO LVL LMP-002 AZUL-C\/LUCES-2 MICROFONOS"},"content":{"rendered":"<p>PARLANTE INALAMBRICO LVL LMP-002 AZUL-C\/LUCES-2 MICROFONOS Caracter\u00edsticas: -Parlante Bluetooth 5.0 de dise\u00f1o port\u00e1til -Incluye 2 micr\u00f3fonos de alta sensibilidad -Bater\u00eda recargable de 1800 mAh -Asa integrada y luces din\u00e1micas -Funci\u00f3n karaoke con reducci\u00f3n de voz original<\/p>\n","protected":false},"excerpt":{"rendered":"<p>PARLANTE INALAMBRICO LVL LMP-002 AZUL-C\/LUCES-2 MICROFONOS<\/p>\n","protected":false},"featured_media":0,"comment_status":"open","ping_status":"closed","template":"","meta":{"_et_pb_use_builder":"","_et_pb_old_content":"","_et_gb_content_width":""},"product_brand":[],"product_cat":[46],"product_tag":[],"class_list":{"0":"post-2564","1":"product","2":"type-product","3":"status-publish","5":"product_cat-tecnologia","7":"first","8":"instock","9":"shipping-taxable","10":"purchasable","11":"product-type-simple"},"_links":{"self":[{"href":"https:\/\/rubi.com.py\/index.php\/wp-json\/wp\/v2\/product\/2564","targetHints":{"allow":["GET"]}}],"collection":[{"href":"https:\/\/rubi.com.py\/index.php\/wp-json\/wp\/v2\/product"}],"about":[{"href":"https:\/\/rubi.com.py\/index.php\/wp-json\/wp\/v2\/types\/product"}],"replies":[{"embeddable":true,"href":"https:\/\/rubi.com.py\/index.php\/wp-json\/wp\/v2\/comments?post=2564"}],"wp:attachment":[{"href":"https:\/\/rubi.com.py\/index.php\/wp-json\/wp\/v2\/media?parent=2564"}],"wp:term":[{"taxonomy":"product_brand","embeddable":true,"href":"https:\/\/rubi.com.py\/index.php\/wp-json\/wp\/v2\/product_brand?post=2564"},{"taxonomy":"product_cat","embeddable":true,"href":"https:\/\/rubi.com.py\/index.php\/wp-json\/wp\/v2\/product_cat?post=2564"},{"taxonomy":"product_tag","embeddable":true,"href":"https:\/\/rubi.com.py\/index.php\/wp-json\/wp\/v2\/product_tag?post=2564"}],"curies":[{"name":"wp","href":"https:\/\/api.w.org\/{rel}","templated":true}]}}