{"id":257,"date":"2025-09-09T03:19:24","date_gmt":"2025-09-09T01:19:24","guid":{"rendered":"https:\/\/rubi.com.py\/index.php\/producto\/parlante-tokyo-party14-slim-bateria-37v-3600mah-bluetooh-fm-usb-1-microfono-a\/"},"modified":"2026-04-20T21:55:59","modified_gmt":"2026-04-20T19:55:59","slug":"parlante-tokyo-party14-slim-bateria-37v-3600mah-bluetooh-fm-usb-1-microfono-a","status":"publish","type":"product","link":"https:\/\/rubi.com.py\/index.php\/producto\/parlante-tokyo-party14-slim-bateria-37v-3600mah-bluetooh-fm-usb-1-microfono-a\/","title":{"rendered":"PARLANTE TOKYO PARTY14 SLIM BATERIA 3,7V\/3600mAh BLUETOOH FM\/USB 1 MICROFONO.  A"},"content":{"rendered":"<p>* 5 horas de reproducci\u00f3n. * Entrada USB y micro SD. * Bater\u00eda de 3.600 mAh. * Micr\u00f3nofo karaoke. * Control Remoto. * Conexi\u00f3n TWS. * Luces LED. * Bluetooth. * Radio FM. DIMENSIONES * 24.5 x 22.5 x 53.5 cm. Im\u00e1genes meramente ilustrativas. Im\u00e1genes e informaci\u00f3n sujetas a cambios sin previo aviso. Detalles t\u00e9cnicos: \u2022 ANCHO: 28 CM \u2022 ALTO: 26 CM \u2022 LARGO: 57 CM \u2022 PESO: 4700 GR<\/p>\n","protected":false},"excerpt":{"rendered":"<p>* 5 horas de reproducci\u00f3n. * Entrada USB y micro SD. * Bater\u00eda de 3.600 mAh. * Micr\u00f3nofo karaoke. * Control Remoto. * Conexi\u00f3n TWS. * Luces LED. * Bluetooth. * Radio FM. DIMENSIONES * 24.5 x 22.5 x 53.5 cm. Im\u00e1genes meramente ilustrativas. Im\u00e1genes e informaci\u00f3n sujetas a cambios sin previo aviso.<\/p>\n","protected":false},"featured_media":4566,"comment_status":"open","ping_status":"closed","template":"","meta":{"_et_pb_use_builder":"","_et_pb_old_content":"","_et_gb_content_width":""},"product_brand":[],"product_cat":[46],"product_tag":[],"class_list":{"0":"post-257","1":"product","2":"type-product","3":"status-publish","4":"has-post-thumbnail","6":"product_cat-tecnologia","8":"first","9":"instock","10":"shipping-taxable","11":"purchasable","12":"product-type-simple"},"_links":{"self":[{"href":"https:\/\/rubi.com.py\/index.php\/wp-json\/wp\/v2\/product\/257","targetHints":{"allow":["GET"]}}],"collection":[{"href":"https:\/\/rubi.com.py\/index.php\/wp-json\/wp\/v2\/product"}],"about":[{"href":"https:\/\/rubi.com.py\/index.php\/wp-json\/wp\/v2\/types\/product"}],"replies":[{"embeddable":true,"href":"https:\/\/rubi.com.py\/index.php\/wp-json\/wp\/v2\/comments?post=257"}],"wp:featuredmedia":[{"embeddable":true,"href":"https:\/\/rubi.com.py\/index.php\/wp-json\/wp\/v2\/media\/4566"}],"wp:attachment":[{"href":"https:\/\/rubi.com.py\/index.php\/wp-json\/wp\/v2\/media?parent=257"}],"wp:term":[{"taxonomy":"product_brand","embeddable":true,"href":"https:\/\/rubi.com.py\/index.php\/wp-json\/wp\/v2\/product_brand?post=257"},{"taxonomy":"product_cat","embeddable":true,"href":"https:\/\/rubi.com.py\/index.php\/wp-json\/wp\/v2\/product_cat?post=257"},{"taxonomy":"product_tag","embeddable":true,"href":"https:\/\/rubi.com.py\/index.php\/wp-json\/wp\/v2\/product_tag?post=257"}],"curies":[{"name":"wp","href":"https:\/\/api.w.org\/{rel}","templated":true}]}}