{"id":2577,"date":"2026-04-15T13:25:19","date_gmt":"2026-04-15T11:25:19","guid":{"rendered":"https:\/\/rubi.com.py\/index.php\/producto\/barra-de-sonido-kolke-2-1-con-subwoofer-inalambrico-5-25-kpe-809\/"},"modified":"2026-04-15T13:25:19","modified_gmt":"2026-04-15T11:25:19","slug":"barra-de-sonido-kolke-2-1-con-subwoofer-inalambrico-5-25-kpe-809","status":"publish","type":"product","link":"https:\/\/rubi.com.py\/index.php\/producto\/barra-de-sonido-kolke-2-1-con-subwoofer-inalambrico-5-25-kpe-809\/","title":{"rendered":"BARRA DE SONIDO KOLKE 2.1 CON  SUBWOOFER INALAMBRICO 5.25\u201d KPE-809"},"content":{"rendered":"<p>BARRA DE SONIDO KOLKE 2.1 CON SUBWOOFER INALAMBRICO 5.25\u201d KPE-809 Caracter\u00edsticas: -Subwoofer inal\u00e1mbrico de 5,25 pulgadas. -Barra de sonido de 2.1 canales. -Potencia: 70W (40W + 15W x2). -Conexi\u00f3n inal\u00e1mbrica. -Radio FM. -Conexi\u00f3n: USB, AUX, HDMI (ARC). -Pantalla LED. -Respuesta en frecuencia: 20Hz &#8211; 20KHz. -Relaci\u00f3n se\u00f1al ruido: &gt;80dB. -Incluye: Control Remoto, Cable Aux, Adaptador de -Corriente (para barra de sonido), Cable de -Alimentaci\u00f3n (para subwoofer). -Alimentaci\u00f3n: 110-240V ~ 50\/60Hz. -Dimensiones barra de sonido: 80 x 11,1 x 6,5 cm. -Dimensiones subwoofer: 15 x 25 x 25,2 cm.<\/p>\n","protected":false},"excerpt":{"rendered":"<p>BARRA DE SONIDO KOLKE 2.1 CON SUBWOOFER INALAMBRICO 5.25\u201d KPE-809<\/p>\n","protected":false},"featured_media":2576,"comment_status":"open","ping_status":"closed","template":"","meta":{"_et_pb_use_builder":"","_et_pb_old_content":"","_et_gb_content_width":""},"product_brand":[],"product_cat":[46],"product_tag":[],"class_list":{"0":"post-2577","1":"product","2":"type-product","3":"status-publish","4":"has-post-thumbnail","6":"product_cat-tecnologia","8":"first","9":"instock","10":"shipping-taxable","11":"purchasable","12":"product-type-simple"},"_links":{"self":[{"href":"https:\/\/rubi.com.py\/index.php\/wp-json\/wp\/v2\/product\/2577","targetHints":{"allow":["GET"]}}],"collection":[{"href":"https:\/\/rubi.com.py\/index.php\/wp-json\/wp\/v2\/product"}],"about":[{"href":"https:\/\/rubi.com.py\/index.php\/wp-json\/wp\/v2\/types\/product"}],"replies":[{"embeddable":true,"href":"https:\/\/rubi.com.py\/index.php\/wp-json\/wp\/v2\/comments?post=2577"}],"wp:featuredmedia":[{"embeddable":true,"href":"https:\/\/rubi.com.py\/index.php\/wp-json\/wp\/v2\/media\/2576"}],"wp:attachment":[{"href":"https:\/\/rubi.com.py\/index.php\/wp-json\/wp\/v2\/media?parent=2577"}],"wp:term":[{"taxonomy":"product_brand","embeddable":true,"href":"https:\/\/rubi.com.py\/index.php\/wp-json\/wp\/v2\/product_brand?post=2577"},{"taxonomy":"product_cat","embeddable":true,"href":"https:\/\/rubi.com.py\/index.php\/wp-json\/wp\/v2\/product_cat?post=2577"},{"taxonomy":"product_tag","embeddable":true,"href":"https:\/\/rubi.com.py\/index.php\/wp-json\/wp\/v2\/product_tag?post=2577"}],"curies":[{"name":"wp","href":"https:\/\/api.w.org\/{rel}","templated":true}]}}