{"id":2581,"date":"2026-04-15T13:26:17","date_gmt":"2026-04-15T11:26:17","guid":{"rendered":"https:\/\/rubi.com.py\/index.php\/producto\/sillon-oficina-empoli-em-809-ambar\/"},"modified":"2026-04-15T13:26:17","modified_gmt":"2026-04-15T11:26:17","slug":"sillon-oficina-empoli-em-809-ambar","status":"publish","type":"product","link":"https:\/\/rubi.com.py\/index.php\/producto\/sillon-oficina-empoli-em-809-ambar\/","title":{"rendered":"SILLON OFICINA EMPOLI EM-809 AMBAR"},"content":{"rendered":"<p>SILLON OFICINA EMPOLI EM-809 AMBAR Caracter\u00edsticas: -Silla de respaldo alto con cabecera. -Dise\u00f1o ergon\u00f3mico: Asiento y respaldo ergon\u00f3micos, con almohad\u00f3n lumbar. -Reclinable de 90\u00b0 a 135\u00b0. -Reposabrazos acolchonados. -Reposapi\u00e9s incluido. -Regulaci\u00f3n de altura mediante pist\u00f3n de gas. -Soporta hasta 120Kg. -Base cromada de 5 radios.<\/p>\n","protected":false},"excerpt":{"rendered":"<p>SILLON OFICINA EMPOLI EM-809 AMBAR<\/p>\n","protected":false},"featured_media":2580,"comment_status":"open","ping_status":"closed","template":"","meta":{"_et_pb_use_builder":"","_et_pb_old_content":"","_et_gb_content_width":""},"product_brand":[],"product_cat":[42],"product_tag":[],"class_list":{"0":"post-2581","1":"product","2":"type-product","3":"status-publish","4":"has-post-thumbnail","6":"product_cat-muebles","8":"first","9":"instock","10":"shipping-taxable","11":"purchasable","12":"product-type-simple"},"_links":{"self":[{"href":"https:\/\/rubi.com.py\/index.php\/wp-json\/wp\/v2\/product\/2581","targetHints":{"allow":["GET"]}}],"collection":[{"href":"https:\/\/rubi.com.py\/index.php\/wp-json\/wp\/v2\/product"}],"about":[{"href":"https:\/\/rubi.com.py\/index.php\/wp-json\/wp\/v2\/types\/product"}],"replies":[{"embeddable":true,"href":"https:\/\/rubi.com.py\/index.php\/wp-json\/wp\/v2\/comments?post=2581"}],"wp:featuredmedia":[{"embeddable":true,"href":"https:\/\/rubi.com.py\/index.php\/wp-json\/wp\/v2\/media\/2580"}],"wp:attachment":[{"href":"https:\/\/rubi.com.py\/index.php\/wp-json\/wp\/v2\/media?parent=2581"}],"wp:term":[{"taxonomy":"product_brand","embeddable":true,"href":"https:\/\/rubi.com.py\/index.php\/wp-json\/wp\/v2\/product_brand?post=2581"},{"taxonomy":"product_cat","embeddable":true,"href":"https:\/\/rubi.com.py\/index.php\/wp-json\/wp\/v2\/product_cat?post=2581"},{"taxonomy":"product_tag","embeddable":true,"href":"https:\/\/rubi.com.py\/index.php\/wp-json\/wp\/v2\/product_tag?post=2581"}],"curies":[{"name":"wp","href":"https:\/\/api.w.org\/{rel}","templated":true}]}}