{"id":2603,"date":"2026-04-15T13:33:50","date_gmt":"2026-04-15T11:33:50","guid":{"rendered":"https:\/\/rubi.com.py\/index.php\/producto\/parlante-inalambrico-kolke-doble-4-glow-2-kpm-804\/"},"modified":"2026-04-15T13:33:50","modified_gmt":"2026-04-15T11:33:50","slug":"parlante-inalambrico-kolke-doble-4-glow-2-kpm-804","status":"publish","type":"product","link":"https:\/\/rubi.com.py\/index.php\/producto\/parlante-inalambrico-kolke-doble-4-glow-2-kpm-804\/","title":{"rendered":"PARLANTE INALAMBRICO KOLKE DOBLE 4&#8243; GLOW 2 KPM-804"},"content":{"rendered":"<p>PARLANTE INALAMBRICO KOLKE DOBLE 4&#8243; GLOW 2 KPM-804 Caracter\u00edsticas: -Parlante inal\u00e1mbrico 4\u201d x 2 (doble woofer de 4 pulgadas, 3 \u03a9). -Potencia: 60W \/ 2.500W PMPO. -Bater\u00eda recargable de 3000mAh, 3.7V. -Conexi\u00f3n inal\u00e1mbrica V5.0. -Conexi\u00f3n: USB, SD\/TF, Aux 3.5mm, Mic 6.35mm. -Radio FM. -Luces LED en todo el panel frontal con 7 efectos intercambiables (se pueden apagar). -Funci\u00f3n TWS. -Relaci\u00f3n se\u00f1al\/ruido: -75 dB. -Respuesta en frecuencia: 20Hz &#8211; 20KHz. -Portabilidad: manija. -Incluye: micr\u00f3fono con cable y cable de carga.<\/p>\n","protected":false},"excerpt":{"rendered":"<p>PARLANTE INALAMBRICO KOLKE DOBLE 4&#8243; GLOW 2 KPM-804<\/p>\n","protected":false},"featured_media":2602,"comment_status":"open","ping_status":"closed","template":"","meta":{"_et_pb_use_builder":"","_et_pb_old_content":"","_et_gb_content_width":""},"product_brand":[],"product_cat":[46],"product_tag":[],"class_list":{"0":"post-2603","1":"product","2":"type-product","3":"status-publish","4":"has-post-thumbnail","6":"product_cat-tecnologia","8":"first","9":"instock","10":"shipping-taxable","11":"purchasable","12":"product-type-simple"},"_links":{"self":[{"href":"https:\/\/rubi.com.py\/index.php\/wp-json\/wp\/v2\/product\/2603","targetHints":{"allow":["GET"]}}],"collection":[{"href":"https:\/\/rubi.com.py\/index.php\/wp-json\/wp\/v2\/product"}],"about":[{"href":"https:\/\/rubi.com.py\/index.php\/wp-json\/wp\/v2\/types\/product"}],"replies":[{"embeddable":true,"href":"https:\/\/rubi.com.py\/index.php\/wp-json\/wp\/v2\/comments?post=2603"}],"wp:featuredmedia":[{"embeddable":true,"href":"https:\/\/rubi.com.py\/index.php\/wp-json\/wp\/v2\/media\/2602"}],"wp:attachment":[{"href":"https:\/\/rubi.com.py\/index.php\/wp-json\/wp\/v2\/media?parent=2603"}],"wp:term":[{"taxonomy":"product_brand","embeddable":true,"href":"https:\/\/rubi.com.py\/index.php\/wp-json\/wp\/v2\/product_brand?post=2603"},{"taxonomy":"product_cat","embeddable":true,"href":"https:\/\/rubi.com.py\/index.php\/wp-json\/wp\/v2\/product_cat?post=2603"},{"taxonomy":"product_tag","embeddable":true,"href":"https:\/\/rubi.com.py\/index.php\/wp-json\/wp\/v2\/product_tag?post=2603"}],"curies":[{"name":"wp","href":"https:\/\/api.w.org\/{rel}","templated":true}]}}