{"id":2609,"date":"2026-04-15T13:37:24","date_gmt":"2026-04-15T11:37:24","guid":{"rendered":"https:\/\/rubi.com.py\/index.php\/producto\/licuadora-electrica-nappo-4-velocidades-nel-333\/"},"modified":"2026-04-15T13:37:24","modified_gmt":"2026-04-15T11:37:24","slug":"licuadora-electrica-nappo-4-velocidades-nel-333","status":"publish","type":"product","link":"https:\/\/rubi.com.py\/index.php\/producto\/licuadora-electrica-nappo-4-velocidades-nel-333\/","title":{"rendered":"LICUADORA EL\u00c9CTRICA NAPPO 4 VELOCIDADES NEL-333"},"content":{"rendered":"<p>LICUADORA EL\u00c9CTRICA NAPPO 4 VELOCIDADES NEL-333 Caracter\u00edsticas: -Potencia: 600W. -Jarra de vidrio de 1,5L. -Panel de acero inoxidable con botones: 4 -velocidades con funci\u00f3n pulso. -6 cuchillas. -Apta para picar hielo. -Pies de goma antideslizantes.<\/p>\n","protected":false},"excerpt":{"rendered":"<p>LICUADORA EL\u00c9CTRICA NAPPO 4 VELOCIDADES NEL-333<\/p>\n","protected":false},"featured_media":0,"comment_status":"open","ping_status":"closed","template":"","meta":{"_et_pb_use_builder":"","_et_pb_old_content":"","_et_gb_content_width":""},"product_brand":[],"product_cat":[33],"product_tag":[],"class_list":{"0":"post-2609","1":"product","2":"type-product","3":"status-publish","5":"product_cat-cocina-y-comedor","7":"first","8":"instock","9":"shipping-taxable","10":"purchasable","11":"product-type-simple"},"_links":{"self":[{"href":"https:\/\/rubi.com.py\/index.php\/wp-json\/wp\/v2\/product\/2609","targetHints":{"allow":["GET"]}}],"collection":[{"href":"https:\/\/rubi.com.py\/index.php\/wp-json\/wp\/v2\/product"}],"about":[{"href":"https:\/\/rubi.com.py\/index.php\/wp-json\/wp\/v2\/types\/product"}],"replies":[{"embeddable":true,"href":"https:\/\/rubi.com.py\/index.php\/wp-json\/wp\/v2\/comments?post=2609"}],"wp:attachment":[{"href":"https:\/\/rubi.com.py\/index.php\/wp-json\/wp\/v2\/media?parent=2609"}],"wp:term":[{"taxonomy":"product_brand","embeddable":true,"href":"https:\/\/rubi.com.py\/index.php\/wp-json\/wp\/v2\/product_brand?post=2609"},{"taxonomy":"product_cat","embeddable":true,"href":"https:\/\/rubi.com.py\/index.php\/wp-json\/wp\/v2\/product_cat?post=2609"},{"taxonomy":"product_tag","embeddable":true,"href":"https:\/\/rubi.com.py\/index.php\/wp-json\/wp\/v2\/product_tag?post=2609"}],"curies":[{"name":"wp","href":"https:\/\/api.w.org\/{rel}","templated":true}]}}