{"id":2616,"date":"2026-04-15T13:39:52","date_gmt":"2026-04-15T11:39:52","guid":{"rendered":"https:\/\/rubi.com.py\/index.php\/producto\/cepillo-secador-giratorio-multifuncion-4-en-1-nappo-nps-340\/"},"modified":"2026-04-15T13:39:52","modified_gmt":"2026-04-15T11:39:52","slug":"cepillo-secador-giratorio-multifuncion-4-en-1-nappo-nps-340","status":"publish","type":"product","link":"https:\/\/rubi.com.py\/index.php\/producto\/cepillo-secador-giratorio-multifuncion-4-en-1-nappo-nps-340\/","title":{"rendered":"CEPILLO SECADOR GIRATORIO MULTIFUNCI\u00d3N 4 EN 1 NAPPO NPS-340"},"content":{"rendered":"<p>CEPILLO SECADOR GIRATORIO MULTIFUNCI\u00d3N 4 EN 1 NAPPO NPS-340 Caracter\u00edsticas: \u2022 Cepillo de aire caliente Multifunci\u00f3n. \u2022 4 cabezales intercambiables. \u2022 2 velocidades (alta y baja) con tres ajustes de calor. \u2022 Ajuste de direcci\u00f3n de rotaci\u00f3n (derecha \/ izquierda). \u2022 Adecuado para todo tipo de cabello. \u2022 Incluye: rizador giratorio de 50 mm, rizador giratorio de 32 mm, concentrador y difusor.<\/p>\n","protected":false},"excerpt":{"rendered":"<p>CEPILLO SECADOR GIRATORIO MULTIFUNCI\u00d3N 4 EN 1 NAPPO NPS-340<\/p>\n","protected":false},"featured_media":0,"comment_status":"open","ping_status":"closed","template":"","meta":{"_et_pb_use_builder":"","_et_pb_old_content":"","_et_gb_content_width":""},"product_brand":[],"product_cat":[45],"product_tag":[],"class_list":{"0":"post-2616","1":"product","2":"type-product","3":"status-publish","5":"product_cat-salud-y-belleza","7":"first","8":"instock","9":"shipping-taxable","10":"purchasable","11":"product-type-simple"},"_links":{"self":[{"href":"https:\/\/rubi.com.py\/index.php\/wp-json\/wp\/v2\/product\/2616","targetHints":{"allow":["GET"]}}],"collection":[{"href":"https:\/\/rubi.com.py\/index.php\/wp-json\/wp\/v2\/product"}],"about":[{"href":"https:\/\/rubi.com.py\/index.php\/wp-json\/wp\/v2\/types\/product"}],"replies":[{"embeddable":true,"href":"https:\/\/rubi.com.py\/index.php\/wp-json\/wp\/v2\/comments?post=2616"}],"wp:attachment":[{"href":"https:\/\/rubi.com.py\/index.php\/wp-json\/wp\/v2\/media?parent=2616"}],"wp:term":[{"taxonomy":"product_brand","embeddable":true,"href":"https:\/\/rubi.com.py\/index.php\/wp-json\/wp\/v2\/product_brand?post=2616"},{"taxonomy":"product_cat","embeddable":true,"href":"https:\/\/rubi.com.py\/index.php\/wp-json\/wp\/v2\/product_cat?post=2616"},{"taxonomy":"product_tag","embeddable":true,"href":"https:\/\/rubi.com.py\/index.php\/wp-json\/wp\/v2\/product_tag?post=2616"}],"curies":[{"name":"wp","href":"https:\/\/api.w.org\/{rel}","templated":true}]}}