{"id":2624,"date":"2026-04-15T13:42:17","date_gmt":"2026-04-15T11:42:17","guid":{"rendered":"https:\/\/rubi.com.py\/index.php\/producto\/caminadora-electrica-plegable-nappo-npe-318\/"},"modified":"2026-04-15T13:42:17","modified_gmt":"2026-04-15T11:42:17","slug":"caminadora-electrica-plegable-nappo-npe-318","status":"publish","type":"product","link":"https:\/\/rubi.com.py\/index.php\/producto\/caminadora-electrica-plegable-nappo-npe-318\/","title":{"rendered":"CAMINADORA EL\u00c9CTRICA PLEGABLE NAPPO NPE-318"},"content":{"rendered":"<p>CAMINADORA EL\u00c9CTRICA PLEGABLE NAPPO NPE-318 Caracter\u00edsticas: \u2022 Motor 2 HP. \u2022 12 programas de ejercicio preestablecidos. \u2022 Velocidad ajustable hasta 12 Km\/h. \u2022 Conexi\u00f3n inal\u00e1mbrica para reproducci\u00f3n de m\u00fasica. \u2022 Compatible con App Fitshow: controla y registra tu entrenamiento. \u2022 Llave de seguridad de parada autom\u00e1tica. \u2022 Soporte doble para botellas. \u2022 Regulaci\u00f3n manual de inclinaci\u00f3n. \u2022 Dise\u00f1o plegable para facilitar el guardado. \u2022 Peso m\u00e1ximo del usuario: 110 Kg.<\/p>\n","protected":false},"excerpt":{"rendered":"<p>CAMINADORA EL\u00c9CTRICA PLEGABLE NAPPO NPE-318<\/p>\n","protected":false},"featured_media":2623,"comment_status":"open","ping_status":"closed","template":"","meta":{"_et_pb_use_builder":"","_et_pb_old_content":"","_et_gb_content_width":""},"product_brand":[],"product_cat":[35],"product_tag":[],"class_list":{"0":"post-2624","1":"product","2":"type-product","3":"status-publish","4":"has-post-thumbnail","6":"product_cat-equipos-de-gimnasia","8":"first","9":"instock","10":"shipping-taxable","11":"purchasable","12":"product-type-simple"},"_links":{"self":[{"href":"https:\/\/rubi.com.py\/index.php\/wp-json\/wp\/v2\/product\/2624","targetHints":{"allow":["GET"]}}],"collection":[{"href":"https:\/\/rubi.com.py\/index.php\/wp-json\/wp\/v2\/product"}],"about":[{"href":"https:\/\/rubi.com.py\/index.php\/wp-json\/wp\/v2\/types\/product"}],"replies":[{"embeddable":true,"href":"https:\/\/rubi.com.py\/index.php\/wp-json\/wp\/v2\/comments?post=2624"}],"wp:featuredmedia":[{"embeddable":true,"href":"https:\/\/rubi.com.py\/index.php\/wp-json\/wp\/v2\/media\/2623"}],"wp:attachment":[{"href":"https:\/\/rubi.com.py\/index.php\/wp-json\/wp\/v2\/media?parent=2624"}],"wp:term":[{"taxonomy":"product_brand","embeddable":true,"href":"https:\/\/rubi.com.py\/index.php\/wp-json\/wp\/v2\/product_brand?post=2624"},{"taxonomy":"product_cat","embeddable":true,"href":"https:\/\/rubi.com.py\/index.php\/wp-json\/wp\/v2\/product_cat?post=2624"},{"taxonomy":"product_tag","embeddable":true,"href":"https:\/\/rubi.com.py\/index.php\/wp-json\/wp\/v2\/product_tag?post=2624"}],"curies":[{"name":"wp","href":"https:\/\/api.w.org\/{rel}","templated":true}]}}