{"id":2626,"date":"2026-04-15T13:42:48","date_gmt":"2026-04-15T11:42:48","guid":{"rendered":"https:\/\/rubi.com.py\/index.php\/producto\/soporte-de-monitor-kolke-kvs-784\/"},"modified":"2026-04-15T13:43:00","modified_gmt":"2026-04-15T11:43:00","slug":"soporte-de-monitor-kolke-kvs-784","status":"publish","type":"product","link":"https:\/\/rubi.com.py\/index.php\/producto\/soporte-de-monitor-kolke-kvs-784\/","title":{"rendered":"SOPORTE DE MONITOR KOLKE KVS-784"},"content":{"rendered":"<p>SOPORTE DE MONITOR KOLKE KVS-784 Caracter\u00edsticas: -Sistema de gas para un ajuste suave y preciso del peso. -Compatible con pantallas de 17&#8243; a 32&#8243;, incluyendo monitores curvos. -Capacidad de carga de hasta 9 kg. -Compatibilidad VESA: 75 \u00d7 75 y 100 \u00d7 100. Placa VESA giratoria 360\u00b0 para una visualizaci\u00f3n flexible. -Dise\u00f1o de inclinaci\u00f3n libre para mejorar ergonom\u00eda y comodidad. -Amplio rango de movimiento: Inclinaci\u00f3n: +90\u00b0 ~ -90\u00b0, Giro lateral: +90\u00b0 ~ -90\u00b0, Rotaci\u00f3n: +180\u00b0 ~ -180\u00b0. -Extensi\u00f3n total del brazo: 450 mm. -Dos modos de instalaci\u00f3n: abrazadera u ojal. -Espesor compatible del escritorio: Abrazadera: 10\u201380 mm, Ojal: 10\u201348 mm -Organizador de cables integrado para un espacio ordenado. -Dimensiones: 11,7 \u00d7 49,3 \u00d7 56,4 cm.<\/p>\n","protected":false},"excerpt":{"rendered":"<p>SOPORTE DE MONITOR KOLKE KVS-784<\/p>\n","protected":false},"featured_media":2627,"comment_status":"open","ping_status":"closed","template":"","meta":{"_et_pb_use_builder":"","_et_pb_old_content":"","_et_gb_content_width":""},"product_brand":[],"product_cat":[36,46],"product_tag":[],"class_list":{"0":"post-2626","1":"product","2":"type-product","3":"status-publish","4":"has-post-thumbnail","6":"product_cat-ferreteria","7":"product_cat-tecnologia","9":"first","10":"instock","11":"shipping-taxable","12":"purchasable","13":"product-type-simple"},"_links":{"self":[{"href":"https:\/\/rubi.com.py\/index.php\/wp-json\/wp\/v2\/product\/2626","targetHints":{"allow":["GET"]}}],"collection":[{"href":"https:\/\/rubi.com.py\/index.php\/wp-json\/wp\/v2\/product"}],"about":[{"href":"https:\/\/rubi.com.py\/index.php\/wp-json\/wp\/v2\/types\/product"}],"replies":[{"embeddable":true,"href":"https:\/\/rubi.com.py\/index.php\/wp-json\/wp\/v2\/comments?post=2626"}],"wp:featuredmedia":[{"embeddable":true,"href":"https:\/\/rubi.com.py\/index.php\/wp-json\/wp\/v2\/media\/2627"}],"wp:attachment":[{"href":"https:\/\/rubi.com.py\/index.php\/wp-json\/wp\/v2\/media?parent=2626"}],"wp:term":[{"taxonomy":"product_brand","embeddable":true,"href":"https:\/\/rubi.com.py\/index.php\/wp-json\/wp\/v2\/product_brand?post=2626"},{"taxonomy":"product_cat","embeddable":true,"href":"https:\/\/rubi.com.py\/index.php\/wp-json\/wp\/v2\/product_cat?post=2626"},{"taxonomy":"product_tag","embeddable":true,"href":"https:\/\/rubi.com.py\/index.php\/wp-json\/wp\/v2\/product_tag?post=2626"}],"curies":[{"name":"wp","href":"https:\/\/api.w.org\/{rel}","templated":true}]}}