{"id":2629,"date":"2026-04-15T13:43:26","date_gmt":"2026-04-15T11:43:26","guid":{"rendered":"https:\/\/rubi.com.py\/index.php\/producto\/soporte-de-monitor-kolke-kvs-785\/"},"modified":"2026-04-15T13:44:27","modified_gmt":"2026-04-15T11:44:27","slug":"soporte-de-monitor-kolke-kvs-785","status":"publish","type":"product","link":"https:\/\/rubi.com.py\/index.php\/producto\/soporte-de-monitor-kolke-kvs-785\/","title":{"rendered":"SOPORTE DE MONITOR KOLKE KVS-785"},"content":{"rendered":"<p>SOPORTE DE MONITOR KOLKE KVS-785 Caracter\u00edsticas: -Sistema de gas para un ajuste perfecto del peso. -Compatible con pantallas de 17&#8243; a 32&#8243;, incluyendo monitores curvos. -Capacidad para 2 pantallas. -Soporta hasta 18 kg en total (9 kg por pantalla). -Compatibilidad VESA: 75 \u00d7 75 y 100 \u00d7 100. -Placa VESA giratoria 360\u00b0 para una mejor experiencia de visualizaci\u00f3n. -Dise\u00f1o de inclinaci\u00f3n libre para ajustar la pantalla hacia adelante o atr\u00e1s, mejorando ergonom\u00eda y postura. -Amplia capacidad de giro para m\u00faltiples \u00e1ngulos de visualizaci\u00f3n. -Inclinaci\u00f3n: +90\u00b0 ~ -90\u00b0. -Giro lateral: +90\u00b0 ~ -90\u00b0. -Rotaci\u00f3n: +180\u00b0 ~ -180\u00b0. -Extensi\u00f3n total del brazo: 450 mm. -Dos modos de instalaci\u00f3n: abrazadera u ojal. -Espesor recomendado del escritorio: Abrazadera: 10\u201380 mm, Ojal: 10\u201348 mm -Organizador de cables para un espacio de trabajo limpio y ordenado. -Dimensiones: 94,8 \u00d7 10,9 \u00d7 56,4 cm.<\/p>\n","protected":false},"excerpt":{"rendered":"<p>SOPORTE DE MONITOR KOLKE KVS-785<\/p>\n","protected":false},"featured_media":2630,"comment_status":"open","ping_status":"closed","template":"","meta":{"_et_pb_use_builder":"","_et_pb_old_content":"","_et_gb_content_width":""},"product_brand":[],"product_cat":[36,46],"product_tag":[],"class_list":{"0":"post-2629","1":"product","2":"type-product","3":"status-publish","4":"has-post-thumbnail","6":"product_cat-ferreteria","7":"product_cat-tecnologia","9":"first","10":"instock","11":"shipping-taxable","12":"purchasable","13":"product-type-simple"},"_links":{"self":[{"href":"https:\/\/rubi.com.py\/index.php\/wp-json\/wp\/v2\/product\/2629","targetHints":{"allow":["GET"]}}],"collection":[{"href":"https:\/\/rubi.com.py\/index.php\/wp-json\/wp\/v2\/product"}],"about":[{"href":"https:\/\/rubi.com.py\/index.php\/wp-json\/wp\/v2\/types\/product"}],"replies":[{"embeddable":true,"href":"https:\/\/rubi.com.py\/index.php\/wp-json\/wp\/v2\/comments?post=2629"}],"wp:featuredmedia":[{"embeddable":true,"href":"https:\/\/rubi.com.py\/index.php\/wp-json\/wp\/v2\/media\/2630"}],"wp:attachment":[{"href":"https:\/\/rubi.com.py\/index.php\/wp-json\/wp\/v2\/media?parent=2629"}],"wp:term":[{"taxonomy":"product_brand","embeddable":true,"href":"https:\/\/rubi.com.py\/index.php\/wp-json\/wp\/v2\/product_brand?post=2629"},{"taxonomy":"product_cat","embeddable":true,"href":"https:\/\/rubi.com.py\/index.php\/wp-json\/wp\/v2\/product_cat?post=2629"},{"taxonomy":"product_tag","embeddable":true,"href":"https:\/\/rubi.com.py\/index.php\/wp-json\/wp\/v2\/product_tag?post=2629"}],"curies":[{"name":"wp","href":"https:\/\/api.w.org\/{rel}","templated":true}]}}