{"id":2631,"date":"2026-04-15T13:45:18","date_gmt":"2026-04-15T11:45:18","guid":{"rendered":"https:\/\/rubi.com.py\/index.php\/producto\/lijadora-y-pulidora-inalambrica-nappo-multifuncional-nhf-288\/"},"modified":"2026-04-15T13:45:18","modified_gmt":"2026-04-15T11:45:18","slug":"lijadora-y-pulidora-inalambrica-nappo-multifuncional-nhf-288","status":"publish","type":"product","link":"https:\/\/rubi.com.py\/index.php\/producto\/lijadora-y-pulidora-inalambrica-nappo-multifuncional-nhf-288\/","title":{"rendered":"LIJADORA Y PULIDORA INAL\u00c1MBRICA NAPPO MULTIFUNCIONAL NHF-288"},"content":{"rendered":"<p>LIJADORA Y PULIDORA INAL\u00c1MBRICA NAPPO MULTIFUNCIONAL NHF-288 Caracter\u00edsticas: -Potencia: 380W. -Display digital con nivel de Bater\u00eda y Velocidad. -Voltaje: 21V. -Velocidad: 2800 &#8211; 5500 RPM. -Bater\u00eda recargable de 1500mAh. -Control de 8 velocidades. -Incluye: Disco de pulido, Rueda de lana, Esponja plana, Esponja ondulada, Lija de grano 2000, Llave inglesa, Bater\u00eda y Cargador.<\/p>\n","protected":false},"excerpt":{"rendered":"<p>LIJADORA Y PULIDORA INAL\u00c1MBRICA NAPPO MULTIFUNCIONAL NHF-288<\/p>\n","protected":false},"featured_media":0,"comment_status":"open","ping_status":"closed","template":"","meta":{"_et_pb_use_builder":"","_et_pb_old_content":"","_et_gb_content_width":""},"product_brand":[],"product_cat":[36,39],"product_tag":[],"class_list":{"0":"post-2631","1":"product","2":"type-product","3":"status-publish","5":"product_cat-ferreteria","6":"product_cat-industria-comercio-y-campo","8":"first","9":"instock","10":"shipping-taxable","11":"purchasable","12":"product-type-simple"},"_links":{"self":[{"href":"https:\/\/rubi.com.py\/index.php\/wp-json\/wp\/v2\/product\/2631","targetHints":{"allow":["GET"]}}],"collection":[{"href":"https:\/\/rubi.com.py\/index.php\/wp-json\/wp\/v2\/product"}],"about":[{"href":"https:\/\/rubi.com.py\/index.php\/wp-json\/wp\/v2\/types\/product"}],"replies":[{"embeddable":true,"href":"https:\/\/rubi.com.py\/index.php\/wp-json\/wp\/v2\/comments?post=2631"}],"wp:attachment":[{"href":"https:\/\/rubi.com.py\/index.php\/wp-json\/wp\/v2\/media?parent=2631"}],"wp:term":[{"taxonomy":"product_brand","embeddable":true,"href":"https:\/\/rubi.com.py\/index.php\/wp-json\/wp\/v2\/product_brand?post=2631"},{"taxonomy":"product_cat","embeddable":true,"href":"https:\/\/rubi.com.py\/index.php\/wp-json\/wp\/v2\/product_cat?post=2631"},{"taxonomy":"product_tag","embeddable":true,"href":"https:\/\/rubi.com.py\/index.php\/wp-json\/wp\/v2\/product_tag?post=2631"}],"curies":[{"name":"wp","href":"https:\/\/api.w.org\/{rel}","templated":true}]}}