{"id":2642,"date":"2026-04-15T13:51:28","date_gmt":"2026-04-15T11:51:28","guid":{"rendered":"https:\/\/rubi.com.py\/index.php\/producto\/cable-kolke-usb-a-a-usb-c-2a-kcc-8747-negro-caja\/"},"modified":"2026-04-15T13:51:28","modified_gmt":"2026-04-15T11:51:28","slug":"cable-kolke-usb-a-a-usb-c-2a-kcc-8747-negro-caja","status":"publish","type":"product","link":"https:\/\/rubi.com.py\/index.php\/producto\/cable-kolke-usb-a-a-usb-c-2a-kcc-8747-negro-caja\/","title":{"rendered":"CABLE KOLKE USB A A USB C 2A KCC-8747 NEGRO CAJA"},"content":{"rendered":"<p>CABLE KOLKE USB A A USB C 2A KCC-8747 NEGRO CAJA Caracter\u00edsticas: Conecta tus dispositivos de forma f\u00e1cil y sencilla. Transfiere tus datos f\u00e1cilmente, de forma segura y fiable. \u00b7 Cable USB a USB Tipo C. \u00b7 Cable de carga r\u00e1pida. \u00b7 Amperaje: 2A. \u00b7 Rango de transmisi\u00f3n: 480Mbps. \u00b7 Largo del cable: 1,8m.<\/p>\n","protected":false},"excerpt":{"rendered":"<p>CABLE KOLKE USB A A USB C 2A KCC-8747 NEGRO CAJA<\/p>\n","protected":false},"featured_media":0,"comment_status":"open","ping_status":"closed","template":"","meta":{"_et_pb_use_builder":"","_et_pb_old_content":"","_et_gb_content_width":""},"product_brand":[],"product_cat":[46],"product_tag":[],"class_list":{"0":"post-2642","1":"product","2":"type-product","3":"status-publish","5":"product_cat-tecnologia","7":"first","8":"instock","9":"shipping-taxable","10":"purchasable","11":"product-type-simple"},"_links":{"self":[{"href":"https:\/\/rubi.com.py\/index.php\/wp-json\/wp\/v2\/product\/2642","targetHints":{"allow":["GET"]}}],"collection":[{"href":"https:\/\/rubi.com.py\/index.php\/wp-json\/wp\/v2\/product"}],"about":[{"href":"https:\/\/rubi.com.py\/index.php\/wp-json\/wp\/v2\/types\/product"}],"replies":[{"embeddable":true,"href":"https:\/\/rubi.com.py\/index.php\/wp-json\/wp\/v2\/comments?post=2642"}],"wp:attachment":[{"href":"https:\/\/rubi.com.py\/index.php\/wp-json\/wp\/v2\/media?parent=2642"}],"wp:term":[{"taxonomy":"product_brand","embeddable":true,"href":"https:\/\/rubi.com.py\/index.php\/wp-json\/wp\/v2\/product_brand?post=2642"},{"taxonomy":"product_cat","embeddable":true,"href":"https:\/\/rubi.com.py\/index.php\/wp-json\/wp\/v2\/product_cat?post=2642"},{"taxonomy":"product_tag","embeddable":true,"href":"https:\/\/rubi.com.py\/index.php\/wp-json\/wp\/v2\/product_tag?post=2642"}],"curies":[{"name":"wp","href":"https:\/\/api.w.org\/{rel}","templated":true}]}}