{"id":2644,"date":"2026-04-15T13:52:05","date_gmt":"2026-04-15T11:52:05","guid":{"rendered":"https:\/\/rubi.com.py\/index.php\/producto\/camara-pt-9-0mp-triple-lente-vision-360o-kolke-kuc-763\/"},"modified":"2026-04-15T13:52:05","modified_gmt":"2026-04-15T11:52:05","slug":"camara-pt-9-0mp-triple-lente-vision-360o-kolke-kuc-763","status":"publish","type":"product","link":"https:\/\/rubi.com.py\/index.php\/producto\/camara-pt-9-0mp-triple-lente-vision-360o-kolke-kuc-763\/","title":{"rendered":"CAMARA PT 9.0MP TRIPLE LENTE VISION 360\u00ba KOLKE KUC-763"},"content":{"rendered":"<p>CAMARA PT 9.0MP TRIPLE LENTE VISION 360\u00ba KOLKE KUC-763 Caracter\u00edsticas: -Lente para visi\u00f3n 360\u00b0. -Resoluci\u00f3n 9.0MP (3.0 MP + 3.0 MP + 3.0 MP). -Visi\u00f3n nocturna a todo color -Movimiento de rotaci\u00f3n horizontal de 350\u00b0 y vertical de 90\u00b0.-Detecci\u00f3n y seguimiento de m\u00faltiples humanoides.-Audio bidireccional: parlante y micr\u00f3fono.-Reducci\u00f3n de ruido: 2D \/ 3D.-Conexi\u00f3n WiFi 2.4G y 5G-Compatible con la app iCSee -Waterproof-Alimentaci\u00f3n: CC 12V, 2A. -Incluye: Adaptador DC 12V \/ 2A, Soporte de montaje, Tornillos<\/p>\n","protected":false},"excerpt":{"rendered":"<p>CAMARA PT 9.0MP TRIPLE LENTE VISION 360\u00ba KOLKE KUC-763<\/p>\n","protected":false},"featured_media":2643,"comment_status":"open","ping_status":"closed","template":"","meta":{"_et_pb_use_builder":"","_et_pb_old_content":"","_et_gb_content_width":""},"product_brand":[],"product_cat":[46],"product_tag":[],"class_list":{"0":"post-2644","1":"product","2":"type-product","3":"status-publish","4":"has-post-thumbnail","6":"product_cat-tecnologia","8":"first","9":"instock","10":"shipping-taxable","11":"purchasable","12":"product-type-simple"},"_links":{"self":[{"href":"https:\/\/rubi.com.py\/index.php\/wp-json\/wp\/v2\/product\/2644","targetHints":{"allow":["GET"]}}],"collection":[{"href":"https:\/\/rubi.com.py\/index.php\/wp-json\/wp\/v2\/product"}],"about":[{"href":"https:\/\/rubi.com.py\/index.php\/wp-json\/wp\/v2\/types\/product"}],"replies":[{"embeddable":true,"href":"https:\/\/rubi.com.py\/index.php\/wp-json\/wp\/v2\/comments?post=2644"}],"wp:featuredmedia":[{"embeddable":true,"href":"https:\/\/rubi.com.py\/index.php\/wp-json\/wp\/v2\/media\/2643"}],"wp:attachment":[{"href":"https:\/\/rubi.com.py\/index.php\/wp-json\/wp\/v2\/media?parent=2644"}],"wp:term":[{"taxonomy":"product_brand","embeddable":true,"href":"https:\/\/rubi.com.py\/index.php\/wp-json\/wp\/v2\/product_brand?post=2644"},{"taxonomy":"product_cat","embeddable":true,"href":"https:\/\/rubi.com.py\/index.php\/wp-json\/wp\/v2\/product_cat?post=2644"},{"taxonomy":"product_tag","embeddable":true,"href":"https:\/\/rubi.com.py\/index.php\/wp-json\/wp\/v2\/product_tag?post=2644"}],"curies":[{"name":"wp","href":"https:\/\/api.w.org\/{rel}","templated":true}]}}