{"id":2654,"date":"2026-04-15T13:55:50","date_gmt":"2026-04-15T11:55:50","guid":{"rendered":"https:\/\/rubi.com.py\/index.php\/producto\/carro-de-3niveles-tokyo-industrial-rpc-l3-p-servicio-c-ruedas\/"},"modified":"2026-04-15T13:55:50","modified_gmt":"2026-04-15T11:55:50","slug":"carro-de-3niveles-tokyo-industrial-rpc-l3-p-servicio-c-ruedas","status":"publish","type":"product","link":"https:\/\/rubi.com.py\/index.php\/producto\/carro-de-3niveles-tokyo-industrial-rpc-l3-p-servicio-c-ruedas\/","title":{"rendered":"CARRO DE 3NIVELES TOKYO INDUSTRIAL RPC-L3 P\/SERVICIO C\/RUEDAS"},"content":{"rendered":"<p>* Estructura en acero inoxidable. * Ruedas para locomoci\u00f3n. * Ca\u00f1os cromados. * Con ruedas. * 3 niveles. MEDIDAS DEL PRODUCTO. * Altura 860 mm. * Profundidad 540 mm. * Largo 940 mm. Im\u00e1genes meramente ilustrativas. Im\u00e1genes e informaci\u00f3n sujetas a cambios sin previo aviso. Detalles t\u00e9cnicos: \u2022 ANCHO: 55,5 CM \u2022 ALTO: 16 CM \u2022 LARGO: 85 CM \u2022 PESO: GR<\/p>\n","protected":false},"excerpt":{"rendered":"<p>* Estructura en acero inoxidable. * Ruedas para locomoci\u00f3n. * Ca\u00f1os cromados. * Con ruedas. * 3 niveles. MEDIDAS DEL PRODUCTO. * Altura 860 mm. * Profundidad 540 mm. * Largo 940 mm. Im\u00e1genes meramente ilustrativas. Im\u00e1genes e informaci\u00f3n sujetas a cambios sin previo aviso.<\/p>\n","protected":false},"featured_media":2653,"comment_status":"open","ping_status":"closed","template":"","meta":{"_et_pb_use_builder":"","_et_pb_old_content":"","_et_gb_content_width":""},"product_brand":[],"product_cat":[33,39],"product_tag":[],"class_list":{"0":"post-2654","1":"product","2":"type-product","3":"status-publish","4":"has-post-thumbnail","6":"product_cat-cocina-y-comedor","7":"product_cat-industria-comercio-y-campo","9":"first","10":"instock","11":"shipping-taxable","12":"purchasable","13":"product-type-simple"},"_links":{"self":[{"href":"https:\/\/rubi.com.py\/index.php\/wp-json\/wp\/v2\/product\/2654","targetHints":{"allow":["GET"]}}],"collection":[{"href":"https:\/\/rubi.com.py\/index.php\/wp-json\/wp\/v2\/product"}],"about":[{"href":"https:\/\/rubi.com.py\/index.php\/wp-json\/wp\/v2\/types\/product"}],"replies":[{"embeddable":true,"href":"https:\/\/rubi.com.py\/index.php\/wp-json\/wp\/v2\/comments?post=2654"}],"wp:featuredmedia":[{"embeddable":true,"href":"https:\/\/rubi.com.py\/index.php\/wp-json\/wp\/v2\/media\/2653"}],"wp:attachment":[{"href":"https:\/\/rubi.com.py\/index.php\/wp-json\/wp\/v2\/media?parent=2654"}],"wp:term":[{"taxonomy":"product_brand","embeddable":true,"href":"https:\/\/rubi.com.py\/index.php\/wp-json\/wp\/v2\/product_brand?post=2654"},{"taxonomy":"product_cat","embeddable":true,"href":"https:\/\/rubi.com.py\/index.php\/wp-json\/wp\/v2\/product_cat?post=2654"},{"taxonomy":"product_tag","embeddable":true,"href":"https:\/\/rubi.com.py\/index.php\/wp-json\/wp\/v2\/product_tag?post=2654"}],"curies":[{"name":"wp","href":"https:\/\/api.w.org\/{rel}","templated":true}]}}