{"id":2660,"date":"2026-04-15T13:56:53","date_gmt":"2026-04-15T11:56:53","guid":{"rendered":"https:\/\/rubi.com.py\/index.php\/producto\/mesa-de-trabajo-tokyo-ind-mod-bv700-180a-1-80-70-85mts-c-estante-inferior-s-respaldo\/"},"modified":"2026-04-15T13:57:37","modified_gmt":"2026-04-15T11:57:37","slug":"mesa-de-trabajo-tokyo-ind-mod-bv700-180a-1-80-70-85mts-c-estante-inferior-s-respaldo","status":"publish","type":"product","link":"https:\/\/rubi.com.py\/index.php\/producto\/mesa-de-trabajo-tokyo-ind-mod-bv700-180a-1-80-70-85mts-c-estante-inferior-s-respaldo\/","title":{"rendered":"MESA DE TRABAJO TOKYO IND. MOD BV700-180A 1.8*0.7*0.85MTS C\/ESTANTE INFERIOR S\/ RESPALDO"},"content":{"rendered":"<p>* Estante inferior para menajes. * Mesada en acero inoxidable. * Patas regulables. MEDIDAS DEL PRODUCTO. * Altura 850 mm. * Profundidad 700 mm. * Largo 1800 mm. Im\u00e1genes meramente ilustrativas. Im\u00e1genes e informaci\u00f3n sujetas a cambios sin previo aviso. Detalles t\u00e9cnicos: \u2022 ANCHO: 74 CM \u2022 ALTO: 10 CM \u2022 LARGO: 184 CM \u2022 PESO: 48000 GR<\/p>\n","protected":false},"excerpt":{"rendered":"<p>* Estante inferior para menajes. * Mesada en acero inoxidable. * Patas regulables. MEDIDAS DEL PRODUCTO. * Altura 850 mm. * Profundidad 700 mm. * Largo 1800 mm. Im\u00e1genes meramente ilustrativas. Im\u00e1genes e informaci\u00f3n sujetas a cambios sin previo aviso.<\/p>\n","protected":false},"featured_media":2662,"comment_status":"open","ping_status":"closed","template":"","meta":{"_et_pb_use_builder":"","_et_pb_old_content":"","_et_gb_content_width":""},"product_brand":[],"product_cat":[33,39],"product_tag":[],"class_list":{"0":"post-2660","1":"product","2":"type-product","3":"status-publish","4":"has-post-thumbnail","6":"product_cat-cocina-y-comedor","7":"product_cat-industria-comercio-y-campo","9":"first","10":"instock","11":"shipping-taxable","12":"purchasable","13":"product-type-simple"},"_links":{"self":[{"href":"https:\/\/rubi.com.py\/index.php\/wp-json\/wp\/v2\/product\/2660","targetHints":{"allow":["GET"]}}],"collection":[{"href":"https:\/\/rubi.com.py\/index.php\/wp-json\/wp\/v2\/product"}],"about":[{"href":"https:\/\/rubi.com.py\/index.php\/wp-json\/wp\/v2\/types\/product"}],"replies":[{"embeddable":true,"href":"https:\/\/rubi.com.py\/index.php\/wp-json\/wp\/v2\/comments?post=2660"}],"wp:featuredmedia":[{"embeddable":true,"href":"https:\/\/rubi.com.py\/index.php\/wp-json\/wp\/v2\/media\/2662"}],"wp:attachment":[{"href":"https:\/\/rubi.com.py\/index.php\/wp-json\/wp\/v2\/media?parent=2660"}],"wp:term":[{"taxonomy":"product_brand","embeddable":true,"href":"https:\/\/rubi.com.py\/index.php\/wp-json\/wp\/v2\/product_brand?post=2660"},{"taxonomy":"product_cat","embeddable":true,"href":"https:\/\/rubi.com.py\/index.php\/wp-json\/wp\/v2\/product_cat?post=2660"},{"taxonomy":"product_tag","embeddable":true,"href":"https:\/\/rubi.com.py\/index.php\/wp-json\/wp\/v2\/product_tag?post=2660"}],"curies":[{"name":"wp","href":"https:\/\/api.w.org\/{rel}","templated":true}]}}