{"id":2664,"date":"2026-04-15T13:58:05","date_gmt":"2026-04-15T11:58:05","guid":{"rendered":"https:\/\/rubi.com.py\/index.php\/producto\/mesa-de-trabajo-tokyo-ind-bv700-120bl-c-estante-inferior-y-respaldo\/"},"modified":"2026-04-15T13:58:05","modified_gmt":"2026-04-15T11:58:05","slug":"mesa-de-trabajo-tokyo-ind-bv700-120bl-c-estante-inferior-y-respaldo","status":"publish","type":"product","link":"https:\/\/rubi.com.py\/index.php\/producto\/mesa-de-trabajo-tokyo-ind-bv700-120bl-c-estante-inferior-y-respaldo\/","title":{"rendered":"MESA DE TRABAJO TOKYO IND.BV700-120BL C\/ESTANTE INFERIOR Y RESPALDO"},"content":{"rendered":"<p>* Mesada en acero inoxidable. * Con estante. MEDIDAS DEL PRODUCTO. * Altura 850+100 mm. * Profundidad 700 mm. * Largo 1200 mm. Im\u00e1genes meramente ilustrativas. Im\u00e1genes e informaci\u00f3n sujetas a cambios sin previo aviso. Detalles t\u00e9cnicos: \u2022 ANCHO: 120 CM \u2022 ALTO: 16,5 CM \u2022 LARGO: 75 CM \u2022 PESO: 114000 GR<\/p>\n","protected":false},"excerpt":{"rendered":"<p>* Mesada en acero inoxidable. * Con estante. MEDIDAS DEL PRODUCTO. * Altura 850+100 mm. * Profundidad 700 mm. * Largo 1200 mm. Im\u00e1genes meramente ilustrativas. Im\u00e1genes e informaci\u00f3n sujetas a cambios sin previo aviso.<\/p>\n","protected":false},"featured_media":2663,"comment_status":"open","ping_status":"closed","template":"","meta":{"_et_pb_use_builder":"","_et_pb_old_content":"","_et_gb_content_width":""},"product_brand":[],"product_cat":[33,39],"product_tag":[],"class_list":{"0":"post-2664","1":"product","2":"type-product","3":"status-publish","4":"has-post-thumbnail","6":"product_cat-cocina-y-comedor","7":"product_cat-industria-comercio-y-campo","9":"first","10":"instock","11":"shipping-taxable","12":"purchasable","13":"product-type-simple"},"_links":{"self":[{"href":"https:\/\/rubi.com.py\/index.php\/wp-json\/wp\/v2\/product\/2664","targetHints":{"allow":["GET"]}}],"collection":[{"href":"https:\/\/rubi.com.py\/index.php\/wp-json\/wp\/v2\/product"}],"about":[{"href":"https:\/\/rubi.com.py\/index.php\/wp-json\/wp\/v2\/types\/product"}],"replies":[{"embeddable":true,"href":"https:\/\/rubi.com.py\/index.php\/wp-json\/wp\/v2\/comments?post=2664"}],"wp:featuredmedia":[{"embeddable":true,"href":"https:\/\/rubi.com.py\/index.php\/wp-json\/wp\/v2\/media\/2663"}],"wp:attachment":[{"href":"https:\/\/rubi.com.py\/index.php\/wp-json\/wp\/v2\/media?parent=2664"}],"wp:term":[{"taxonomy":"product_brand","embeddable":true,"href":"https:\/\/rubi.com.py\/index.php\/wp-json\/wp\/v2\/product_brand?post=2664"},{"taxonomy":"product_cat","embeddable":true,"href":"https:\/\/rubi.com.py\/index.php\/wp-json\/wp\/v2\/product_cat?post=2664"},{"taxonomy":"product_tag","embeddable":true,"href":"https:\/\/rubi.com.py\/index.php\/wp-json\/wp\/v2\/product_tag?post=2664"}],"curies":[{"name":"wp","href":"https:\/\/api.w.org\/{rel}","templated":true}]}}