{"id":2666,"date":"2026-04-15T13:58:58","date_gmt":"2026-04-15T11:58:58","guid":{"rendered":"https:\/\/rubi.com.py\/index.php\/producto\/olla-36lts-mod-a036-ah-36cms\/"},"modified":"2026-04-15T13:58:58","modified_gmt":"2026-04-15T11:58:58","slug":"olla-36lts-mod-a036-ah-36cms","status":"publish","type":"product","link":"https:\/\/rubi.com.py\/index.php\/producto\/olla-36lts-mod-a036-ah-36cms\/","title":{"rendered":"OLLA 36LTS MOD A036-AH 36CMS"},"content":{"rendered":"<p>* Capacidad 36 Litros. * Acero inoxidable. * Con tapa. MEDIDAS DEL PRODUCTO. * Grosor de la pared 1,2 mm. * Grosor de la base 4 mm. * Di\u00e1metro 360 mm. Im\u00e1genes meramente ilustrativas. Im\u00e1genes e informaci\u00f3n sujetas a cambios sin previo aviso. Detalles t\u00e9cnicos: \u2022 ANCHO: 40 CM \u2022 ALTO: 40 CM \u2022 LARGO: 40 CM \u2022 PESO: 1 GR<\/p>\n","protected":false},"excerpt":{"rendered":"<p>* Capacidad 36 Litros. * Acero inoxidable. * Con tapa. MEDIDAS DEL PRODUCTO. * Grosor de la pared 1,2 mm. * Grosor de la base 4 mm. * Di\u00e1metro 360 mm. Im\u00e1genes meramente ilustrativas. Im\u00e1genes e informaci\u00f3n sujetas a cambios sin previo aviso.<\/p>\n","protected":false},"featured_media":2665,"comment_status":"open","ping_status":"closed","template":"","meta":{"_et_pb_use_builder":"","_et_pb_old_content":"","_et_gb_content_width":""},"product_brand":[],"product_cat":[33,38],"product_tag":[],"class_list":{"0":"post-2666","1":"product","2":"type-product","3":"status-publish","4":"has-post-thumbnail","6":"product_cat-cocina-y-comedor","7":"product_cat-hogar-y-limpieza","9":"first","10":"instock","11":"shipping-taxable","12":"purchasable","13":"product-type-simple"},"_links":{"self":[{"href":"https:\/\/rubi.com.py\/index.php\/wp-json\/wp\/v2\/product\/2666","targetHints":{"allow":["GET"]}}],"collection":[{"href":"https:\/\/rubi.com.py\/index.php\/wp-json\/wp\/v2\/product"}],"about":[{"href":"https:\/\/rubi.com.py\/index.php\/wp-json\/wp\/v2\/types\/product"}],"replies":[{"embeddable":true,"href":"https:\/\/rubi.com.py\/index.php\/wp-json\/wp\/v2\/comments?post=2666"}],"wp:featuredmedia":[{"embeddable":true,"href":"https:\/\/rubi.com.py\/index.php\/wp-json\/wp\/v2\/media\/2665"}],"wp:attachment":[{"href":"https:\/\/rubi.com.py\/index.php\/wp-json\/wp\/v2\/media?parent=2666"}],"wp:term":[{"taxonomy":"product_brand","embeddable":true,"href":"https:\/\/rubi.com.py\/index.php\/wp-json\/wp\/v2\/product_brand?post=2666"},{"taxonomy":"product_cat","embeddable":true,"href":"https:\/\/rubi.com.py\/index.php\/wp-json\/wp\/v2\/product_cat?post=2666"},{"taxonomy":"product_tag","embeddable":true,"href":"https:\/\/rubi.com.py\/index.php\/wp-json\/wp\/v2\/product_tag?post=2666"}],"curies":[{"name":"wp","href":"https:\/\/api.w.org\/{rel}","templated":true}]}}