{"id":2668,"date":"2026-04-15T13:59:47","date_gmt":"2026-04-15T11:59:47","guid":{"rendered":"https:\/\/rubi.com.py\/index.php\/producto\/olla-multifuncion-turbo-cuisine-moulinex-5l-10prog-1090w\/"},"modified":"2026-04-15T13:59:47","modified_gmt":"2026-04-15T11:59:47","slug":"olla-multifuncion-turbo-cuisine-moulinex-5l-10prog-1090w","status":"publish","type":"product","link":"https:\/\/rubi.com.py\/index.php\/producto\/olla-multifuncion-turbo-cuisine-moulinex-5l-10prog-1090w\/","title":{"rendered":"OLLA MULTIFUNCION TURBO CUISINE MOULINEX 5L 10PROG 1090W"},"content":{"rendered":"<p>* Capacidad bowl 4.8 litros total y 3.2 litros \u00fatil. * 10 programas de cocci\u00f3n autom\u00e1ticos. * 12 puntos de control de seguridad. * Recipiente de cocci\u00f3n esf\u00e9rico. * Cocci\u00f3n hasta 3x m\u00e1s r\u00e1pida. * Potencia 915-1090W. MEDIDAS DEL PRODUCTO. * Ancho 33.6cm. * Alto 28.7cm. * Profundidad 31cm. Im\u00e1genes meramente ilustrativas. Im\u00e1genes e informaci\u00f3n sujetas a cambios sin previo aviso. Detalles t\u00e9cnicos: \u2022 ANCHO: 25,6 CM \u2022 ALTO: 39,4 CM \u2022 LARGO: 38,4 CM \u2022 PESO: 5300 GR<\/p>\n","protected":false},"excerpt":{"rendered":"<p>* Capacidad bowl 4.8 litros total y 3.2 litros \u00fatil. * 10 programas de cocci\u00f3n autom\u00e1ticos. * 12 puntos de control de seguridad. * Recipiente de cocci\u00f3n esf\u00e9rico. * Cocci\u00f3n hasta 3x m\u00e1s r\u00e1pida. * Potencia 915-1090W. MEDIDAS DEL PRODUCTO. * Ancho 33.6cm. * Alto 28.7cm. * Profundidad 31cm. Im\u00e1genes meramente ilustrativas. Im\u00e1genes e informaci\u00f3n sujetas a cambios sin previo aviso.<\/p>\n","protected":false},"featured_media":2667,"comment_status":"open","ping_status":"closed","template":"","meta":{"_et_pb_use_builder":"","_et_pb_old_content":"","_et_gb_content_width":""},"product_brand":[],"product_cat":[33],"product_tag":[],"class_list":{"0":"post-2668","1":"product","2":"type-product","3":"status-publish","4":"has-post-thumbnail","6":"product_cat-cocina-y-comedor","8":"first","9":"instock","10":"shipping-taxable","11":"purchasable","12":"product-type-simple"},"_links":{"self":[{"href":"https:\/\/rubi.com.py\/index.php\/wp-json\/wp\/v2\/product\/2668","targetHints":{"allow":["GET"]}}],"collection":[{"href":"https:\/\/rubi.com.py\/index.php\/wp-json\/wp\/v2\/product"}],"about":[{"href":"https:\/\/rubi.com.py\/index.php\/wp-json\/wp\/v2\/types\/product"}],"replies":[{"embeddable":true,"href":"https:\/\/rubi.com.py\/index.php\/wp-json\/wp\/v2\/comments?post=2668"}],"wp:featuredmedia":[{"embeddable":true,"href":"https:\/\/rubi.com.py\/index.php\/wp-json\/wp\/v2\/media\/2667"}],"wp:attachment":[{"href":"https:\/\/rubi.com.py\/index.php\/wp-json\/wp\/v2\/media?parent=2668"}],"wp:term":[{"taxonomy":"product_brand","embeddable":true,"href":"https:\/\/rubi.com.py\/index.php\/wp-json\/wp\/v2\/product_brand?post=2668"},{"taxonomy":"product_cat","embeddable":true,"href":"https:\/\/rubi.com.py\/index.php\/wp-json\/wp\/v2\/product_cat?post=2668"},{"taxonomy":"product_tag","embeddable":true,"href":"https:\/\/rubi.com.py\/index.php\/wp-json\/wp\/v2\/product_tag?post=2668"}],"curies":[{"name":"wp","href":"https:\/\/api.w.org\/{rel}","templated":true}]}}