{"id":2672,"date":"2026-04-15T14:07:55","date_gmt":"2026-04-15T12:07:55","guid":{"rendered":"https:\/\/rubi.com.py\/index.php\/producto\/silla-de-oficina-level-omaha-lvs-221\/"},"modified":"2026-04-15T14:07:55","modified_gmt":"2026-04-15T12:07:55","slug":"silla-de-oficina-level-omaha-lvs-221","status":"publish","type":"product","link":"https:\/\/rubi.com.py\/index.php\/producto\/silla-de-oficina-level-omaha-lvs-221\/","title":{"rendered":"SILLA DE OFICINA LEVEL OMAHA LVS-221"},"content":{"rendered":"<p>SILLA DE OFICINA LEVEL OMAHA LVS-221 Caracter\u00edsticas: \u00ab-Soporta: 120 kg -Mecanismo de balanceo s\u00edncrono -Regulaci\u00f3n de posabrazos -Soporte lumbar -Material de base pl\u00e1stica -5 radios con ruedas -Regulaci\u00f3n de altura -Medidas: 120 x 50 x 53 cm\u00bb<\/p>\n","protected":false},"excerpt":{"rendered":"<p>SILLA DE OFICINA LEVEL OMAHA LVS-221<\/p>\n","protected":false},"featured_media":2671,"comment_status":"open","ping_status":"closed","template":"","meta":{"_et_pb_use_builder":"","_et_pb_old_content":"","_et_gb_content_width":""},"product_brand":[],"product_cat":[42],"product_tag":[],"class_list":{"0":"post-2672","1":"product","2":"type-product","3":"status-publish","4":"has-post-thumbnail","6":"product_cat-muebles","8":"first","9":"instock","10":"shipping-taxable","11":"purchasable","12":"product-type-simple"},"_links":{"self":[{"href":"https:\/\/rubi.com.py\/index.php\/wp-json\/wp\/v2\/product\/2672","targetHints":{"allow":["GET"]}}],"collection":[{"href":"https:\/\/rubi.com.py\/index.php\/wp-json\/wp\/v2\/product"}],"about":[{"href":"https:\/\/rubi.com.py\/index.php\/wp-json\/wp\/v2\/types\/product"}],"replies":[{"embeddable":true,"href":"https:\/\/rubi.com.py\/index.php\/wp-json\/wp\/v2\/comments?post=2672"}],"wp:featuredmedia":[{"embeddable":true,"href":"https:\/\/rubi.com.py\/index.php\/wp-json\/wp\/v2\/media\/2671"}],"wp:attachment":[{"href":"https:\/\/rubi.com.py\/index.php\/wp-json\/wp\/v2\/media?parent=2672"}],"wp:term":[{"taxonomy":"product_brand","embeddable":true,"href":"https:\/\/rubi.com.py\/index.php\/wp-json\/wp\/v2\/product_brand?post=2672"},{"taxonomy":"product_cat","embeddable":true,"href":"https:\/\/rubi.com.py\/index.php\/wp-json\/wp\/v2\/product_cat?post=2672"},{"taxonomy":"product_tag","embeddable":true,"href":"https:\/\/rubi.com.py\/index.php\/wp-json\/wp\/v2\/product_tag?post=2672"}],"curies":[{"name":"wp","href":"https:\/\/api.w.org\/{rel}","templated":true}]}}