{"id":2674,"date":"2026-04-15T14:08:27","date_gmt":"2026-04-15T12:08:27","guid":{"rendered":"https:\/\/rubi.com.py\/index.php\/producto\/amasadora-espiral-tokyo-industrial-cap-amasado-8kg-de-harina-o-13-kgs-de-masa-0-75kw-220v\/"},"modified":"2026-04-15T14:08:27","modified_gmt":"2026-04-15T12:08:27","slug":"amasadora-espiral-tokyo-industrial-cap-amasado-8kg-de-harina-o-13-kgs-de-masa-0-75kw-220v","status":"publish","type":"product","link":"https:\/\/rubi.com.py\/index.php\/producto\/amasadora-espiral-tokyo-industrial-cap-amasado-8kg-de-harina-o-13-kgs-de-masa-0-75kw-220v\/","title":{"rendered":"AMASADORA ESPIRAL TOKYO INDUSTRIAL CAP AMASADO 8KG DE HARINA O 13 KGS DE  MASA 0.75KW 220V"},"content":{"rendered":"<p>* Amasadora espiral de 20 litros. * Capacidad de amasado 8 kg, * Bot\u00f3n de emergencia, * Timer de 60 minutos. * Velocidad variable. * Peso 60 kg. * Monof\u00e1sico. Im\u00e1genes meramente ilustrativas. Im\u00e1genes e informaci\u00f3n sujetas a cambios sin previo aviso. Detalles t\u00e9cnicos: \u2022 ANCHO: 74,5 CM \u2022 ALTO: 73,5 CM \u2022 LARGO: 46 CM \u2022 PESO: 75000 GR<\/p>\n","protected":false},"excerpt":{"rendered":"<p>* Amasadora espiral de 20 litros. * Capacidad de amasado 8 kg, * Bot\u00f3n de emergencia, * Timer de 60 minutos. * Velocidad variable. * Peso 60 kg. * Monof\u00e1sico. Im\u00e1genes meramente ilustrativas. Im\u00e1genes e informaci\u00f3n sujetas a cambios sin previo aviso.<\/p>\n","protected":false},"featured_media":2673,"comment_status":"open","ping_status":"closed","template":"","meta":{"_et_pb_use_builder":"","_et_pb_old_content":"","_et_gb_content_width":""},"product_brand":[],"product_cat":[33,39],"product_tag":[],"class_list":{"0":"post-2674","1":"product","2":"type-product","3":"status-publish","4":"has-post-thumbnail","6":"product_cat-cocina-y-comedor","7":"product_cat-industria-comercio-y-campo","9":"first","10":"instock","11":"shipping-taxable","12":"purchasable","13":"product-type-simple"},"_links":{"self":[{"href":"https:\/\/rubi.com.py\/index.php\/wp-json\/wp\/v2\/product\/2674","targetHints":{"allow":["GET"]}}],"collection":[{"href":"https:\/\/rubi.com.py\/index.php\/wp-json\/wp\/v2\/product"}],"about":[{"href":"https:\/\/rubi.com.py\/index.php\/wp-json\/wp\/v2\/types\/product"}],"replies":[{"embeddable":true,"href":"https:\/\/rubi.com.py\/index.php\/wp-json\/wp\/v2\/comments?post=2674"}],"wp:featuredmedia":[{"embeddable":true,"href":"https:\/\/rubi.com.py\/index.php\/wp-json\/wp\/v2\/media\/2673"}],"wp:attachment":[{"href":"https:\/\/rubi.com.py\/index.php\/wp-json\/wp\/v2\/media?parent=2674"}],"wp:term":[{"taxonomy":"product_brand","embeddable":true,"href":"https:\/\/rubi.com.py\/index.php\/wp-json\/wp\/v2\/product_brand?post=2674"},{"taxonomy":"product_cat","embeddable":true,"href":"https:\/\/rubi.com.py\/index.php\/wp-json\/wp\/v2\/product_cat?post=2674"},{"taxonomy":"product_tag","embeddable":true,"href":"https:\/\/rubi.com.py\/index.php\/wp-json\/wp\/v2\/product_tag?post=2674"}],"curies":[{"name":"wp","href":"https:\/\/api.w.org\/{rel}","templated":true}]}}