{"id":2688,"date":"2026-04-15T19:07:53","date_gmt":"2026-04-15T17:07:53","guid":{"rendered":"https:\/\/rubi.com.py\/index.php\/producto\/silla-de-oficina-tela-mesh-base-cromada-ne-em-3043\/"},"modified":"2026-04-15T19:07:53","modified_gmt":"2026-04-15T17:07:53","slug":"silla-de-oficina-tela-mesh-base-cromada-ne-em-3043","status":"publish","type":"product","link":"https:\/\/rubi.com.py\/index.php\/producto\/silla-de-oficina-tela-mesh-base-cromada-ne-em-3043\/","title":{"rendered":"SILLA DE OFICINA TELA MESH BASE CROMADA NE EM-3043"},"content":{"rendered":"<p>SILLA DE OFICINA TELA MESH BASE CROMADA NE EM-3043 Caracter\u00edsticas: Silla con respaldo y asiento de malla. Malla transpirable que permite trabajar intensamente sin sudar a trav\u00e9s de la ropa. Dise\u00f1o ergon\u00f3mico. Dise\u00f1o con soporte lumbar en el respaldo. Regulaci\u00f3n de altura mediante elevador de gas. Base cromada de 5 radios. Ruedas giratorias con funci\u00f3n de giro 360\u00b0 para desplazarse sin restricciones. Dimensiones: 48x40x85 cm Altura de hasta 93cm<\/p>\n","protected":false},"excerpt":{"rendered":"<p>SILLA DE OFICINA TELA MESH BASE CROMADA NE EM-3043<\/p>\n","protected":false},"featured_media":2687,"comment_status":"open","ping_status":"closed","template":"","meta":{"_et_pb_use_builder":"","_et_pb_old_content":"","_et_gb_content_width":""},"product_brand":[],"product_cat":[42],"product_tag":[],"class_list":{"0":"post-2688","1":"product","2":"type-product","3":"status-publish","4":"has-post-thumbnail","6":"product_cat-muebles","8":"first","9":"instock","10":"shipping-taxable","11":"purchasable","12":"product-type-simple"},"_links":{"self":[{"href":"https:\/\/rubi.com.py\/index.php\/wp-json\/wp\/v2\/product\/2688","targetHints":{"allow":["GET"]}}],"collection":[{"href":"https:\/\/rubi.com.py\/index.php\/wp-json\/wp\/v2\/product"}],"about":[{"href":"https:\/\/rubi.com.py\/index.php\/wp-json\/wp\/v2\/types\/product"}],"replies":[{"embeddable":true,"href":"https:\/\/rubi.com.py\/index.php\/wp-json\/wp\/v2\/comments?post=2688"}],"wp:featuredmedia":[{"embeddable":true,"href":"https:\/\/rubi.com.py\/index.php\/wp-json\/wp\/v2\/media\/2687"}],"wp:attachment":[{"href":"https:\/\/rubi.com.py\/index.php\/wp-json\/wp\/v2\/media?parent=2688"}],"wp:term":[{"taxonomy":"product_brand","embeddable":true,"href":"https:\/\/rubi.com.py\/index.php\/wp-json\/wp\/v2\/product_brand?post=2688"},{"taxonomy":"product_cat","embeddable":true,"href":"https:\/\/rubi.com.py\/index.php\/wp-json\/wp\/v2\/product_cat?post=2688"},{"taxonomy":"product_tag","embeddable":true,"href":"https:\/\/rubi.com.py\/index.php\/wp-json\/wp\/v2\/product_tag?post=2688"}],"curies":[{"name":"wp","href":"https:\/\/api.w.org\/{rel}","templated":true}]}}