{"id":2693,"date":"2026-04-15T19:36:20","date_gmt":"2026-04-15T17:36:20","guid":{"rendered":"https:\/\/rubi.com.py\/index.php\/producto\/freidora-digital-nappo-sin-aceite-doble-vertical-dual-pro-11l-nef-251\/"},"modified":"2026-04-15T19:36:20","modified_gmt":"2026-04-15T17:36:20","slug":"freidora-digital-nappo-sin-aceite-doble-vertical-dual-pro-11l-nef-251","status":"publish","type":"product","link":"https:\/\/rubi.com.py\/index.php\/producto\/freidora-digital-nappo-sin-aceite-doble-vertical-dual-pro-11l-nef-251\/","title":{"rendered":"FREIDORA DIGITAL NAPPO SIN ACEITE DOBLE VERTICAL DUAL PRO 11L NEF-251"},"content":{"rendered":"<p>FREIDORA DIGITAL NAPPO SIN ACEITE DOBLE VERTICAL DUAL PRO 11L NEF-251 Caracter\u00edsticas: -Freidora sin Aceite (de aire) Digital. -Doble cesta. -Capacidad XL: 11L. -Potencia: 2800W. -Panel t\u00e1ctil con doble pantalla. -Cestas con ventana de visualizaci\u00f3n y luz interior. -10 funciones preestablecidas. -Temperatura ajustable: 60o a 200oC. -Timer ajustable hasta 60 minutos. -Acabado Sincronizado y Cocci\u00f3n Match. -Incluye: Pinza.<\/p>\n","protected":false},"excerpt":{"rendered":"<p>FREIDORA DIGITAL NAPPO SIN ACEITE DOBLE VERTICAL DUAL PRO 11L NEF-251<\/p>\n","protected":false},"featured_media":2692,"comment_status":"open","ping_status":"closed","template":"","meta":{"_et_pb_use_builder":"","_et_pb_old_content":"","_et_gb_content_width":""},"product_brand":[],"product_cat":[33],"product_tag":[],"class_list":{"0":"post-2693","1":"product","2":"type-product","3":"status-publish","4":"has-post-thumbnail","6":"product_cat-cocina-y-comedor","8":"first","9":"instock","10":"shipping-taxable","11":"purchasable","12":"product-type-simple"},"_links":{"self":[{"href":"https:\/\/rubi.com.py\/index.php\/wp-json\/wp\/v2\/product\/2693","targetHints":{"allow":["GET"]}}],"collection":[{"href":"https:\/\/rubi.com.py\/index.php\/wp-json\/wp\/v2\/product"}],"about":[{"href":"https:\/\/rubi.com.py\/index.php\/wp-json\/wp\/v2\/types\/product"}],"replies":[{"embeddable":true,"href":"https:\/\/rubi.com.py\/index.php\/wp-json\/wp\/v2\/comments?post=2693"}],"wp:featuredmedia":[{"embeddable":true,"href":"https:\/\/rubi.com.py\/index.php\/wp-json\/wp\/v2\/media\/2692"}],"wp:attachment":[{"href":"https:\/\/rubi.com.py\/index.php\/wp-json\/wp\/v2\/media?parent=2693"}],"wp:term":[{"taxonomy":"product_brand","embeddable":true,"href":"https:\/\/rubi.com.py\/index.php\/wp-json\/wp\/v2\/product_brand?post=2693"},{"taxonomy":"product_cat","embeddable":true,"href":"https:\/\/rubi.com.py\/index.php\/wp-json\/wp\/v2\/product_cat?post=2693"},{"taxonomy":"product_tag","embeddable":true,"href":"https:\/\/rubi.com.py\/index.php\/wp-json\/wp\/v2\/product_tag?post=2693"}],"curies":[{"name":"wp","href":"https:\/\/api.w.org\/{rel}","templated":true}]}}