{"id":2696,"date":"2026-04-15T19:37:07","date_gmt":"2026-04-15T17:37:07","guid":{"rendered":"https:\/\/rubi.com.py\/index.php\/producto\/parlante-inalambrico-de-12-fiesta-fx12-kpb-730\/"},"modified":"2026-04-15T19:37:07","modified_gmt":"2026-04-15T17:37:07","slug":"parlante-inalambrico-de-12-fiesta-fx12-kpb-730","status":"publish","type":"product","link":"https:\/\/rubi.com.py\/index.php\/producto\/parlante-inalambrico-de-12-fiesta-fx12-kpb-730\/","title":{"rendered":"PARLANTE INALAMBRICO DE 12\u00bb FIESTA FX12 KPB-730"},"content":{"rendered":"<p>PARLANTE INALAMBRICO DE 12\u00bb FIESTA FX12 KPB-730 Caracter\u00edsticas: -Parlante Activo de 12\u2019\u2019. -Potencia nominal de salida: 350W \/ 8.000W PMPO. -Bater\u00eda recargable integrada de gran capacidad: 3.600mAh \/ 7.4V. -Conexi\u00f3n inal\u00e1mbrica. -Funci\u00f3n TWS (True Wireless Stereo): Permite conectar de manera inal\u00e1mbrica 2 parlantes para duplicar la potencia y realizar un sistema est\u00e9reo separando los canales izquierdo y derecho (ambos parlantes deben tener esta funci\u00f3n). -Conexiones: USB, Tarjeta SD y Entrada de micr\u00f3fono.<\/p>\n","protected":false},"excerpt":{"rendered":"<p>PARLANTE INALAMBRICO DE 12\u00bb FIESTA FX12 KPB-730<\/p>\n","protected":false},"featured_media":0,"comment_status":"open","ping_status":"closed","template":"","meta":{"_et_pb_use_builder":"","_et_pb_old_content":"","_et_gb_content_width":""},"product_brand":[],"product_cat":[46],"product_tag":[],"class_list":{"0":"post-2696","1":"product","2":"type-product","3":"status-publish","5":"product_cat-tecnologia","7":"first","8":"instock","9":"shipping-taxable","10":"purchasable","11":"product-type-simple"},"_links":{"self":[{"href":"https:\/\/rubi.com.py\/index.php\/wp-json\/wp\/v2\/product\/2696","targetHints":{"allow":["GET"]}}],"collection":[{"href":"https:\/\/rubi.com.py\/index.php\/wp-json\/wp\/v2\/product"}],"about":[{"href":"https:\/\/rubi.com.py\/index.php\/wp-json\/wp\/v2\/types\/product"}],"replies":[{"embeddable":true,"href":"https:\/\/rubi.com.py\/index.php\/wp-json\/wp\/v2\/comments?post=2696"}],"wp:attachment":[{"href":"https:\/\/rubi.com.py\/index.php\/wp-json\/wp\/v2\/media?parent=2696"}],"wp:term":[{"taxonomy":"product_brand","embeddable":true,"href":"https:\/\/rubi.com.py\/index.php\/wp-json\/wp\/v2\/product_brand?post=2696"},{"taxonomy":"product_cat","embeddable":true,"href":"https:\/\/rubi.com.py\/index.php\/wp-json\/wp\/v2\/product_cat?post=2696"},{"taxonomy":"product_tag","embeddable":true,"href":"https:\/\/rubi.com.py\/index.php\/wp-json\/wp\/v2\/product_tag?post=2696"}],"curies":[{"name":"wp","href":"https:\/\/api.w.org\/{rel}","templated":true}]}}