{"id":2697,"date":"2026-04-15T19:37:28","date_gmt":"2026-04-15T17:37:28","guid":{"rendered":"https:\/\/rubi.com.py\/index.php\/producto\/parlante-inalambrico-de-15-fiesta-fx15-kpb-731\/"},"modified":"2026-04-15T19:37:28","modified_gmt":"2026-04-15T17:37:28","slug":"parlante-inalambrico-de-15-fiesta-fx15-kpb-731","status":"publish","type":"product","link":"https:\/\/rubi.com.py\/index.php\/producto\/parlante-inalambrico-de-15-fiesta-fx15-kpb-731\/","title":{"rendered":"PARLANTE INALAMBRICO DE 15\u00bb FIESTA FX15 KPB-731"},"content":{"rendered":"<p>PARLANTE INALAMBRICO DE 15\u00bb FIESTA FX15 KPB-731 Caracter\u00edsticas: \u00b7 Parlante Activo de 15\u2019\u2019. \u00b7 Potencia nominal de salida: 450W \/ 10.000W PMPO. \u00b7 Bater\u00eda recargable integrada de gran capacidad: 3.600mAh \/ 7.4V. \u00b7 Conexi\u00f3n inal\u00e1mbrica. \u00b7 Funcion TWS (True Wireless Stereo): Permite conectar de manera inal\u00e1mbrica 2 parlantes para duplicar la potencia y realizar un sistema est\u00e9reo separando los canales izquierdo y derecho (ambos parlantes deben tener esta funci\u00f3n). \u00b7 Conexiones: USB, Tarjeta SD y Entrada de micr\u00f3fono. \u00b7 Entrada de audio: Entrada auxiliar para conectar m\u00f3vil \/ PC. \u00b7 Radio FM. \u00b7 Entrada de micr\u00f3fono. \u00b7 Funci\u00f3n de micr\u00f3fono inal\u00e1mbrico. \u00b7 Luz de llama moderna. \u00b7 Con manija y ruedas para f\u00e1cil transporte. \u00b7 Cargador: 9V ~ 1.5A. \u00b7 Consumo de energ\u00eda: 50 W (m\u00e1ximo). \u00b7 Respuesta en frecuencia: 60 Hz &#8211; 20 KHz. \u00b7 Dimensiones del parlante: 41 x 32,5 x 60,4 cm. \u00b7 Incluye: Micr\u00f3fono inal\u00e1mbrico, Control remoto, Cargador.<\/p>\n","protected":false},"excerpt":{"rendered":"<p>PARLANTE INALAMBRICO DE 15\u00bb FIESTA FX15 KPB-731<\/p>\n","protected":false},"featured_media":0,"comment_status":"open","ping_status":"closed","template":"","meta":{"_et_pb_use_builder":"","_et_pb_old_content":"","_et_gb_content_width":""},"product_brand":[],"product_cat":[46],"product_tag":[],"class_list":{"0":"post-2697","1":"product","2":"type-product","3":"status-publish","5":"product_cat-tecnologia","7":"first","8":"instock","9":"shipping-taxable","10":"purchasable","11":"product-type-simple"},"_links":{"self":[{"href":"https:\/\/rubi.com.py\/index.php\/wp-json\/wp\/v2\/product\/2697","targetHints":{"allow":["GET"]}}],"collection":[{"href":"https:\/\/rubi.com.py\/index.php\/wp-json\/wp\/v2\/product"}],"about":[{"href":"https:\/\/rubi.com.py\/index.php\/wp-json\/wp\/v2\/types\/product"}],"replies":[{"embeddable":true,"href":"https:\/\/rubi.com.py\/index.php\/wp-json\/wp\/v2\/comments?post=2697"}],"wp:attachment":[{"href":"https:\/\/rubi.com.py\/index.php\/wp-json\/wp\/v2\/media?parent=2697"}],"wp:term":[{"taxonomy":"product_brand","embeddable":true,"href":"https:\/\/rubi.com.py\/index.php\/wp-json\/wp\/v2\/product_brand?post=2697"},{"taxonomy":"product_cat","embeddable":true,"href":"https:\/\/rubi.com.py\/index.php\/wp-json\/wp\/v2\/product_cat?post=2697"},{"taxonomy":"product_tag","embeddable":true,"href":"https:\/\/rubi.com.py\/index.php\/wp-json\/wp\/v2\/product_tag?post=2697"}],"curies":[{"name":"wp","href":"https:\/\/api.w.org\/{rel}","templated":true}]}}