{"id":2699,"date":"2026-04-15T19:38:14","date_gmt":"2026-04-15T17:38:14","guid":{"rendered":"https:\/\/rubi.com.py\/index.php\/producto\/camara-smart-kolke-ptz-3-0mp-2304x1296-kuc-736\/"},"modified":"2026-04-15T19:38:14","modified_gmt":"2026-04-15T17:38:14","slug":"camara-smart-kolke-ptz-3-0mp-2304x1296-kuc-736","status":"publish","type":"product","link":"https:\/\/rubi.com.py\/index.php\/producto\/camara-smart-kolke-ptz-3-0mp-2304x1296-kuc-736\/","title":{"rendered":"CAMARA SMART KOLKE PTZ 3.0MP 2304X1296 KUC-736"},"content":{"rendered":"<p>CAMARA SMART KOLKE PTZ 3.0MP 2304X1296 KUC-736 Caracter\u00edsticas: -C\u00e1mara Smart PTZ, Alta definici\u00f3n (3.0MP, 2304&#215;1296) -Visi\u00f3n nocturna a todo color. -Lente HD de 4 mm. -Movimiento de giro horizontal y vertical: 350\u00b0 horizontal y 90\u00b0 vertical. -Conexi\u00f3n inal\u00e1mbrica: WiFi Dual Band (2,4G y 5G) y RJ45. -Audio Bi-direccional: parlante y micr\u00f3fono integrados para hablar y escuchar. -Seguimiento Autom\u00e1tico de movimiento AI. -Filtro IR integrado (cambio autom\u00e1tico). -Waterproof. -Almacenamiento: tarjeta SD y nube. -Reproducci\u00f3n remota y Alarma. -Aplicaci\u00f3n: Tuya Smart. -Alimentaci\u00f3n: 12V, 2A.<\/p>\n","protected":false},"excerpt":{"rendered":"<p>CAMARA SMART KOLKE PTZ 3.0MP 2304X1296 KUC-736<\/p>\n","protected":false},"featured_media":2698,"comment_status":"open","ping_status":"closed","template":"","meta":{"_et_pb_use_builder":"","_et_pb_old_content":"","_et_gb_content_width":""},"product_brand":[],"product_cat":[46],"product_tag":[],"class_list":{"0":"post-2699","1":"product","2":"type-product","3":"status-publish","4":"has-post-thumbnail","6":"product_cat-tecnologia","8":"first","9":"instock","10":"shipping-taxable","11":"purchasable","12":"product-type-simple"},"_links":{"self":[{"href":"https:\/\/rubi.com.py\/index.php\/wp-json\/wp\/v2\/product\/2699","targetHints":{"allow":["GET"]}}],"collection":[{"href":"https:\/\/rubi.com.py\/index.php\/wp-json\/wp\/v2\/product"}],"about":[{"href":"https:\/\/rubi.com.py\/index.php\/wp-json\/wp\/v2\/types\/product"}],"replies":[{"embeddable":true,"href":"https:\/\/rubi.com.py\/index.php\/wp-json\/wp\/v2\/comments?post=2699"}],"wp:featuredmedia":[{"embeddable":true,"href":"https:\/\/rubi.com.py\/index.php\/wp-json\/wp\/v2\/media\/2698"}],"wp:attachment":[{"href":"https:\/\/rubi.com.py\/index.php\/wp-json\/wp\/v2\/media?parent=2699"}],"wp:term":[{"taxonomy":"product_brand","embeddable":true,"href":"https:\/\/rubi.com.py\/index.php\/wp-json\/wp\/v2\/product_brand?post=2699"},{"taxonomy":"product_cat","embeddable":true,"href":"https:\/\/rubi.com.py\/index.php\/wp-json\/wp\/v2\/product_cat?post=2699"},{"taxonomy":"product_tag","embeddable":true,"href":"https:\/\/rubi.com.py\/index.php\/wp-json\/wp\/v2\/product_tag?post=2699"}],"curies":[{"name":"wp","href":"https:\/\/api.w.org\/{rel}","templated":true}]}}