{"id":2706,"date":"2026-04-15T21:56:30","date_gmt":"2026-04-15T19:56:30","guid":{"rendered":"https:\/\/rubi.com.py\/index.php\/producto\/sandwichera-nappo-doble-con-placa-de-ceramica-nes-243\/"},"modified":"2026-04-15T21:56:35","modified_gmt":"2026-04-15T19:56:35","slug":"sandwichera-nappo-doble-con-placa-de-ceramica-nes-243","status":"publish","type":"product","link":"https:\/\/rubi.com.py\/index.php\/producto\/sandwichera-nappo-doble-con-placa-de-ceramica-nes-243\/","title":{"rendered":"SANDWICHERA NAPPO DOBLE CON PLACA DE CERAMICA NES-243"},"content":{"rendered":"<p>SANDWICHERA NAPPO DOBLE CON PLACA DE CERAMICA NES-243 Caracter\u00edsticas: -Placa de cer\u00e1mica: m\u00e1s resistente. -F\u00e1cil de limpiar. -Luces indicadoras. -Temperatura autom\u00e1tica. -Mango Cool-Touch: Fr\u00edo al tacto, seguro de usar. -Almacenamiento vertical, ahorra espacio. -Potencia: 750W. -Alimentaci\u00f3n: 220V ~ 50-60Hz.<\/p>\n","protected":false},"excerpt":{"rendered":"<p>SANDWICHERA NAPPO DOBLE CON PLACA DE CERAMICA NES-243<\/p>\n","protected":false},"featured_media":0,"comment_status":"open","ping_status":"closed","template":"","meta":{"_et_pb_use_builder":"","_et_pb_old_content":"","_et_gb_content_width":""},"product_brand":[],"product_cat":[33],"product_tag":[],"class_list":{"0":"post-2706","1":"product","2":"type-product","3":"status-publish","5":"product_cat-cocina-y-comedor","7":"first","8":"instock","9":"shipping-taxable","10":"purchasable","11":"product-type-simple"},"_links":{"self":[{"href":"https:\/\/rubi.com.py\/index.php\/wp-json\/wp\/v2\/product\/2706","targetHints":{"allow":["GET"]}}],"collection":[{"href":"https:\/\/rubi.com.py\/index.php\/wp-json\/wp\/v2\/product"}],"about":[{"href":"https:\/\/rubi.com.py\/index.php\/wp-json\/wp\/v2\/types\/product"}],"replies":[{"embeddable":true,"href":"https:\/\/rubi.com.py\/index.php\/wp-json\/wp\/v2\/comments?post=2706"}],"wp:attachment":[{"href":"https:\/\/rubi.com.py\/index.php\/wp-json\/wp\/v2\/media?parent=2706"}],"wp:term":[{"taxonomy":"product_brand","embeddable":true,"href":"https:\/\/rubi.com.py\/index.php\/wp-json\/wp\/v2\/product_brand?post=2706"},{"taxonomy":"product_cat","embeddable":true,"href":"https:\/\/rubi.com.py\/index.php\/wp-json\/wp\/v2\/product_cat?post=2706"},{"taxonomy":"product_tag","embeddable":true,"href":"https:\/\/rubi.com.py\/index.php\/wp-json\/wp\/v2\/product_tag?post=2706"}],"curies":[{"name":"wp","href":"https:\/\/api.w.org\/{rel}","templated":true}]}}