{"id":2733,"date":"2026-04-15T22:07:07","date_gmt":"2026-04-15T20:07:07","guid":{"rendered":"https:\/\/rubi.com.py\/index.php\/producto\/organizador-decoteam-circular-multiuso-de-metal-con-4-cestos-dmo-018\/"},"modified":"2026-04-15T22:07:07","modified_gmt":"2026-04-15T20:07:07","slug":"organizador-decoteam-circular-multiuso-de-metal-con-4-cestos-dmo-018","status":"publish","type":"product","link":"https:\/\/rubi.com.py\/index.php\/producto\/organizador-decoteam-circular-multiuso-de-metal-con-4-cestos-dmo-018\/","title":{"rendered":"ORGANIZADOR DECOTEAM CIRCULAR MULTIUSO DE METAL CON 4 CESTOS DMO-018"},"content":{"rendered":"<p>ORGANIZADOR DECOTEAM CIRCULAR MULTIUSO DE METAL CON 4 CESTOS DMO-018 Caracter\u00edsticas: -Uso: Ideal para cocina, ba\u00f1o, dormitorio, oficina y m\u00e1s. -Dise\u00f1o: Minimalista y moderno. -Estructura: 4 estantes\/cestas con bordes altos que evitan ca\u00eddas. -Material: Metal pintado (tubos de 16 x 0,5 mm). -Movilidad: Ruedas giratorias para f\u00e1cil traslado. -Instalaci\u00f3n: No requiere montaje. -Dimensiones: 34 x 34 x 75 cm. -Color: Negro.<\/p>\n","protected":false},"excerpt":{"rendered":"<p>ORGANIZADOR DECOTEAM CIRCULAR MULTIUSO DE METAL CON 4 CESTOS DMO-018<\/p>\n","protected":false},"featured_media":2732,"comment_status":"open","ping_status":"closed","template":"","meta":{"_et_pb_use_builder":"","_et_pb_old_content":"","_et_gb_content_width":""},"product_brand":[],"product_cat":[38,42,45],"product_tag":[],"class_list":{"0":"post-2733","1":"product","2":"type-product","3":"status-publish","4":"has-post-thumbnail","6":"product_cat-hogar-y-limpieza","7":"product_cat-muebles","8":"product_cat-salud-y-belleza","10":"first","11":"instock","12":"shipping-taxable","13":"purchasable","14":"product-type-simple"},"_links":{"self":[{"href":"https:\/\/rubi.com.py\/index.php\/wp-json\/wp\/v2\/product\/2733","targetHints":{"allow":["GET"]}}],"collection":[{"href":"https:\/\/rubi.com.py\/index.php\/wp-json\/wp\/v2\/product"}],"about":[{"href":"https:\/\/rubi.com.py\/index.php\/wp-json\/wp\/v2\/types\/product"}],"replies":[{"embeddable":true,"href":"https:\/\/rubi.com.py\/index.php\/wp-json\/wp\/v2\/comments?post=2733"}],"wp:featuredmedia":[{"embeddable":true,"href":"https:\/\/rubi.com.py\/index.php\/wp-json\/wp\/v2\/media\/2732"}],"wp:attachment":[{"href":"https:\/\/rubi.com.py\/index.php\/wp-json\/wp\/v2\/media?parent=2733"}],"wp:term":[{"taxonomy":"product_brand","embeddable":true,"href":"https:\/\/rubi.com.py\/index.php\/wp-json\/wp\/v2\/product_brand?post=2733"},{"taxonomy":"product_cat","embeddable":true,"href":"https:\/\/rubi.com.py\/index.php\/wp-json\/wp\/v2\/product_cat?post=2733"},{"taxonomy":"product_tag","embeddable":true,"href":"https:\/\/rubi.com.py\/index.php\/wp-json\/wp\/v2\/product_tag?post=2733"}],"curies":[{"name":"wp","href":"https:\/\/api.w.org\/{rel}","templated":true}]}}