{"id":2737,"date":"2026-04-15T22:07:53","date_gmt":"2026-04-15T20:07:53","guid":{"rendered":"https:\/\/rubi.com.py\/index.php\/producto\/placa-vitroceramica-infrarroja-doble-nappo-nee-206\/"},"modified":"2026-04-15T22:07:53","modified_gmt":"2026-04-15T20:07:53","slug":"placa-vitroceramica-infrarroja-doble-nappo-nee-206","status":"publish","type":"product","link":"https:\/\/rubi.com.py\/index.php\/producto\/placa-vitroceramica-infrarroja-doble-nappo-nee-206\/","title":{"rendered":"PLACA VITROCERAMICA INFRARROJA DOBLE NAPPO NEE-206"},"content":{"rendered":"<p>PLACA VITROCERAMICA INFRARROJA DOBLE NAPPO NEE-206 Caracter\u00edsticas: &#8211; Potencia: 4000W (2000W + 2000W) &#8211; Panel Vitrocer\u00e1mico infrarrojo de grado A &#8211; Temporizador ajustable hasta 4hs. &#8211; Regulador de Temperatura &#8211; Control t\u00e1ctil &#8211; Apta para todo tipo de ollas sartenes &#8211; Protecci\u00f3n contra sobrecalentamiento<\/p>\n","protected":false},"excerpt":{"rendered":"<p>PLACA VITROCERAMICA INFRARROJA DOBLE NAPPO NEE-206<\/p>\n","protected":false},"featured_media":2736,"comment_status":"open","ping_status":"closed","template":"","meta":{"_et_pb_use_builder":"","_et_pb_old_content":"","_et_gb_content_width":""},"product_brand":[],"product_cat":[33],"product_tag":[],"class_list":{"0":"post-2737","1":"product","2":"type-product","3":"status-publish","4":"has-post-thumbnail","6":"product_cat-cocina-y-comedor","8":"first","9":"instock","10":"shipping-taxable","11":"purchasable","12":"product-type-simple"},"_links":{"self":[{"href":"https:\/\/rubi.com.py\/index.php\/wp-json\/wp\/v2\/product\/2737","targetHints":{"allow":["GET"]}}],"collection":[{"href":"https:\/\/rubi.com.py\/index.php\/wp-json\/wp\/v2\/product"}],"about":[{"href":"https:\/\/rubi.com.py\/index.php\/wp-json\/wp\/v2\/types\/product"}],"replies":[{"embeddable":true,"href":"https:\/\/rubi.com.py\/index.php\/wp-json\/wp\/v2\/comments?post=2737"}],"wp:featuredmedia":[{"embeddable":true,"href":"https:\/\/rubi.com.py\/index.php\/wp-json\/wp\/v2\/media\/2736"}],"wp:attachment":[{"href":"https:\/\/rubi.com.py\/index.php\/wp-json\/wp\/v2\/media?parent=2737"}],"wp:term":[{"taxonomy":"product_brand","embeddable":true,"href":"https:\/\/rubi.com.py\/index.php\/wp-json\/wp\/v2\/product_brand?post=2737"},{"taxonomy":"product_cat","embeddable":true,"href":"https:\/\/rubi.com.py\/index.php\/wp-json\/wp\/v2\/product_cat?post=2737"},{"taxonomy":"product_tag","embeddable":true,"href":"https:\/\/rubi.com.py\/index.php\/wp-json\/wp\/v2\/product_tag?post=2737"}],"curies":[{"name":"wp","href":"https:\/\/api.w.org\/{rel}","templated":true}]}}