{"id":2750,"date":"2026-04-15T22:16:40","date_gmt":"2026-04-15T20:16:40","guid":{"rendered":"https:\/\/rubi.com.py\/index.php\/producto\/pistola-de-calor-nappo-nhg-141\/"},"modified":"2026-04-15T22:16:40","modified_gmt":"2026-04-15T20:16:40","slug":"pistola-de-calor-nappo-nhg-141","status":"publish","type":"product","link":"https:\/\/rubi.com.py\/index.php\/producto\/pistola-de-calor-nappo-nhg-141\/","title":{"rendered":"PISTOLA DE CALOR NAPPO NHG-141"},"content":{"rendered":"<p>PISTOLA DE CALOR NAPPO NHG-141 Caracter\u00edsticas: -Dise\u00f1o ergon\u00f3mico. -Potencia: 2000W. -Temperatura ajustable en dos niveles: 350\u00ba | 600\u00ba. -Salida de aire ajustable en dos niveles: 300 L\/min | 500L\/min. -Accesorios incluidos: 3 boquillas.<\/p>\n","protected":false},"excerpt":{"rendered":"<p>PISTOLA DE CALOR NAPPO NHG-141<\/p>\n","protected":false},"featured_media":2749,"comment_status":"open","ping_status":"closed","template":"","meta":{"_et_pb_use_builder":"","_et_pb_old_content":"","_et_gb_content_width":""},"product_brand":[],"product_cat":[45],"product_tag":[],"class_list":{"0":"post-2750","1":"product","2":"type-product","3":"status-publish","4":"has-post-thumbnail","6":"product_cat-salud-y-belleza","8":"first","9":"instock","10":"shipping-taxable","11":"purchasable","12":"product-type-simple"},"_links":{"self":[{"href":"https:\/\/rubi.com.py\/index.php\/wp-json\/wp\/v2\/product\/2750","targetHints":{"allow":["GET"]}}],"collection":[{"href":"https:\/\/rubi.com.py\/index.php\/wp-json\/wp\/v2\/product"}],"about":[{"href":"https:\/\/rubi.com.py\/index.php\/wp-json\/wp\/v2\/types\/product"}],"replies":[{"embeddable":true,"href":"https:\/\/rubi.com.py\/index.php\/wp-json\/wp\/v2\/comments?post=2750"}],"wp:featuredmedia":[{"embeddable":true,"href":"https:\/\/rubi.com.py\/index.php\/wp-json\/wp\/v2\/media\/2749"}],"wp:attachment":[{"href":"https:\/\/rubi.com.py\/index.php\/wp-json\/wp\/v2\/media?parent=2750"}],"wp:term":[{"taxonomy":"product_brand","embeddable":true,"href":"https:\/\/rubi.com.py\/index.php\/wp-json\/wp\/v2\/product_brand?post=2750"},{"taxonomy":"product_cat","embeddable":true,"href":"https:\/\/rubi.com.py\/index.php\/wp-json\/wp\/v2\/product_cat?post=2750"},{"taxonomy":"product_tag","embeddable":true,"href":"https:\/\/rubi.com.py\/index.php\/wp-json\/wp\/v2\/product_tag?post=2750"}],"curies":[{"name":"wp","href":"https:\/\/api.w.org\/{rel}","templated":true}]}}