{"id":2763,"date":"2026-04-15T22:23:56","date_gmt":"2026-04-15T20:23:56","guid":{"rendered":"https:\/\/rubi.com.py\/index.php\/producto\/parlante-inalambrico-fit-kpp-437\/"},"modified":"2026-04-15T22:23:56","modified_gmt":"2026-04-15T20:23:56","slug":"parlante-inalambrico-fit-kpp-437","status":"publish","type":"product","link":"https:\/\/rubi.com.py\/index.php\/producto\/parlante-inalambrico-fit-kpp-437\/","title":{"rendered":"PARLANTE INALAMBRICO FIT KPP-437"},"content":{"rendered":"<p>PARLANTE INALAMBRICO FIT KPP-437 Caracter\u00edsticas: -Conexi\u00f3n inal\u00e1mbrica V5.0. -Potencia: 6W. -Bater\u00eda de 400mAh. -Conexi\u00f3n: USBy Tarjeta SD. -Radio FM.<\/p>\n","protected":false},"excerpt":{"rendered":"<p>PARLANTE INALAMBRICO FIT KPP-437<\/p>\n","protected":false},"featured_media":2762,"comment_status":"open","ping_status":"closed","template":"","meta":{"_et_pb_use_builder":"","_et_pb_old_content":"","_et_gb_content_width":""},"product_brand":[],"product_cat":[46],"product_tag":[],"class_list":{"0":"post-2763","1":"product","2":"type-product","3":"status-publish","4":"has-post-thumbnail","6":"product_cat-tecnologia","8":"first","9":"instock","10":"shipping-taxable","11":"purchasable","12":"product-type-simple"},"_links":{"self":[{"href":"https:\/\/rubi.com.py\/index.php\/wp-json\/wp\/v2\/product\/2763","targetHints":{"allow":["GET"]}}],"collection":[{"href":"https:\/\/rubi.com.py\/index.php\/wp-json\/wp\/v2\/product"}],"about":[{"href":"https:\/\/rubi.com.py\/index.php\/wp-json\/wp\/v2\/types\/product"}],"replies":[{"embeddable":true,"href":"https:\/\/rubi.com.py\/index.php\/wp-json\/wp\/v2\/comments?post=2763"}],"wp:featuredmedia":[{"embeddable":true,"href":"https:\/\/rubi.com.py\/index.php\/wp-json\/wp\/v2\/media\/2762"}],"wp:attachment":[{"href":"https:\/\/rubi.com.py\/index.php\/wp-json\/wp\/v2\/media?parent=2763"}],"wp:term":[{"taxonomy":"product_brand","embeddable":true,"href":"https:\/\/rubi.com.py\/index.php\/wp-json\/wp\/v2\/product_brand?post=2763"},{"taxonomy":"product_cat","embeddable":true,"href":"https:\/\/rubi.com.py\/index.php\/wp-json\/wp\/v2\/product_cat?post=2763"},{"taxonomy":"product_tag","embeddable":true,"href":"https:\/\/rubi.com.py\/index.php\/wp-json\/wp\/v2\/product_tag?post=2763"}],"curies":[{"name":"wp","href":"https:\/\/api.w.org\/{rel}","templated":true}]}}