{"id":277,"date":"2025-09-09T15:58:37","date_gmt":"2025-09-09T13:58:37","guid":{"rendered":"https:\/\/rubi.com.py\/index.php\/producto\/parlante-sony-mhc-v73d-hdmi-usb-dvd-radio-fm-bl\/"},"modified":"2026-04-20T21:54:43","modified_gmt":"2026-04-20T19:54:43","slug":"parlante-sony-mhc-v73d-hdmi-usb-dvd-radio-fm-bl","status":"publish","type":"product","link":"https:\/\/rubi.com.py\/index.php\/producto\/parlante-sony-mhc-v73d-hdmi-usb-dvd-radio-fm-bl\/","title":{"rendered":"PARLANTE SONY MHC-V73D HDMI USB DVD RADIO FM BL"},"content":{"rendered":"<p>* Control de gestos nuevos comandos verticales Panel splashproof. * 2 entradas (guitarra y vocales). Incluye soporte de micr\u00f3fono. * Generador de propagaci\u00f3n de sonido y tweeters esquinados. * Sonido 360 grados 4 tweeter traseros y 2 parlantes medios. * Mega Bass-Modo Fiesta-Efecto DJ-Sampler Football Mode. * Voice Control a trav\u00e9s de la aplicaci\u00f3n Fiestable. * Luces omnidireccionales Multicolor Party Light. * HDMI, USB Rec Play, DVD CD-R CA, Audio IN. * Multibluetooth-LDAC-NFC-Radio FM. * Peso de la unidad principal 25. 0 kg. * Aplicaci\u00f3n Music Center Fiestable. * Modo TAIKO (TAIKO GAME). * Ruedas para portabilidad. * Wireless Party Chain. * Jet Bass Booster. * Karaoke * In-Out. Im\u00e1genes meramente ilustrativas. Im\u00e1genes e informaci\u00f3n sujetas a cambios sin previo aviso. Detalles t\u00e9cnicos: \u2022 TENSION ELECTRICA: 120-240 VOLTIOS \u2022 FRECUENCIA ELECTRICA: 50\/60 HERTZ \u2022 POTENCIA: 125 Watts \u2022 ANCHO: 41,3 CM \u2022 ALTO: 99,5 CM \u2022 LARGO: 49 CM \u2022 PESO: 1500 GR<\/p>\n","protected":false},"excerpt":{"rendered":"<p>* Control de gestos nuevos comandos verticales Panel splashproof. * 2 entradas (guitarra y vocales). Incluye soporte de micr\u00f3fono. * Generador de propagaci\u00f3n de sonido y tweeters esquinados. * Sonido 360 grados 4 tweeter traseros y 2 parlantes medios. * Mega Bass-Modo Fiesta-Efecto DJ-Sampler Football Mode. * Voice Control a trav\u00e9s de la aplicaci\u00f3n Fiestable. * Luces omnidireccionales Multicolor Party Light. * HDMI, USB Rec Play, DVD CD-R CA, Audio IN. * Multibluetooth-LDAC-NFC-Radio FM. * Peso de la unidad principal 25. 0 kg. * Aplicaci\u00f3n Music Center Fiestable. * Modo TAIKO (TAIKO GAME). * Ruedas para portabilidad. * Wireless Party Chain. * Jet Bass Booster. * Karaoke * In-Out. Im\u00e1genes meramente ilustrativas. Im\u00e1genes e informaci\u00f3n sujetas a cambios sin previo aviso.<\/p>\n","protected":false},"featured_media":4562,"comment_status":"open","ping_status":"closed","template":"","meta":{"_et_pb_use_builder":"","_et_pb_old_content":"","_et_gb_content_width":""},"product_brand":[],"product_cat":[46],"product_tag":[],"class_list":{"0":"post-277","1":"product","2":"type-product","3":"status-publish","4":"has-post-thumbnail","6":"product_cat-tecnologia","8":"first","9":"instock","10":"shipping-taxable","11":"purchasable","12":"product-type-simple"},"_links":{"self":[{"href":"https:\/\/rubi.com.py\/index.php\/wp-json\/wp\/v2\/product\/277","targetHints":{"allow":["GET"]}}],"collection":[{"href":"https:\/\/rubi.com.py\/index.php\/wp-json\/wp\/v2\/product"}],"about":[{"href":"https:\/\/rubi.com.py\/index.php\/wp-json\/wp\/v2\/types\/product"}],"replies":[{"embeddable":true,"href":"https:\/\/rubi.com.py\/index.php\/wp-json\/wp\/v2\/comments?post=277"}],"wp:featuredmedia":[{"embeddable":true,"href":"https:\/\/rubi.com.py\/index.php\/wp-json\/wp\/v2\/media\/4562"}],"wp:attachment":[{"href":"https:\/\/rubi.com.py\/index.php\/wp-json\/wp\/v2\/media?parent=277"}],"wp:term":[{"taxonomy":"product_brand","embeddable":true,"href":"https:\/\/rubi.com.py\/index.php\/wp-json\/wp\/v2\/product_brand?post=277"},{"taxonomy":"product_cat","embeddable":true,"href":"https:\/\/rubi.com.py\/index.php\/wp-json\/wp\/v2\/product_cat?post=277"},{"taxonomy":"product_tag","embeddable":true,"href":"https:\/\/rubi.com.py\/index.php\/wp-json\/wp\/v2\/product_tag?post=277"}],"curies":[{"name":"wp","href":"https:\/\/api.w.org\/{rel}","templated":true}]}}