{"id":2774,"date":"2026-04-15T22:27:36","date_gmt":"2026-04-15T20:27:36","guid":{"rendered":"https:\/\/rubi.com.py\/index.php\/producto\/rueda-abdominal-negro-con-4-ruedas-y-soporte-p-codos\/"},"modified":"2026-04-17T01:45:13","modified_gmt":"2026-04-16T23:45:13","slug":"rueda-abdominal-negro-con-4-ruedas-y-soporte-p-codos","status":"publish","type":"product","link":"https:\/\/rubi.com.py\/index.php\/producto\/rueda-abdominal-negro-con-4-ruedas-y-soporte-p-codos\/","title":{"rendered":"RUEDA ABDOMINAL NEGRO CON 4 RUEDAS Y SOPORTE P\/CODOS"},"content":{"rendered":"<p>RUEDA ABDOMINAL NEGRO CON 4 RUEDAS Y SOPORTE P\/CODOS Caracter\u00edsticas: &#8211; 4 ruedas &#8211; Soporte para codos &#8211; Dise\u00f1o ergon\u00f3mico &#8211; Port\u00e1til<\/p>\n","protected":false},"excerpt":{"rendered":"<p>RUEDA ABDOMINAL NEGRO CON 4 RUEDAS Y SOPORTE P\/CODOS<\/p>\n","protected":false},"featured_media":0,"comment_status":"open","ping_status":"closed","template":"","meta":{"_et_pb_use_builder":"","_et_pb_old_content":"","_et_gb_content_width":""},"product_brand":[],"product_cat":[35],"product_tag":[],"class_list":{"0":"post-2774","1":"product","2":"type-product","3":"status-publish","5":"product_cat-equipos-de-gimnasia","7":"first","8":"instock","9":"shipping-taxable","10":"purchasable","11":"product-type-simple"},"_links":{"self":[{"href":"https:\/\/rubi.com.py\/index.php\/wp-json\/wp\/v2\/product\/2774","targetHints":{"allow":["GET"]}}],"collection":[{"href":"https:\/\/rubi.com.py\/index.php\/wp-json\/wp\/v2\/product"}],"about":[{"href":"https:\/\/rubi.com.py\/index.php\/wp-json\/wp\/v2\/types\/product"}],"replies":[{"embeddable":true,"href":"https:\/\/rubi.com.py\/index.php\/wp-json\/wp\/v2\/comments?post=2774"}],"wp:attachment":[{"href":"https:\/\/rubi.com.py\/index.php\/wp-json\/wp\/v2\/media?parent=2774"}],"wp:term":[{"taxonomy":"product_brand","embeddable":true,"href":"https:\/\/rubi.com.py\/index.php\/wp-json\/wp\/v2\/product_brand?post=2774"},{"taxonomy":"product_cat","embeddable":true,"href":"https:\/\/rubi.com.py\/index.php\/wp-json\/wp\/v2\/product_cat?post=2774"},{"taxonomy":"product_tag","embeddable":true,"href":"https:\/\/rubi.com.py\/index.php\/wp-json\/wp\/v2\/product_tag?post=2774"}],"curies":[{"name":"wp","href":"https:\/\/api.w.org\/{rel}","templated":true}]}}