{"id":2784,"date":"2026-04-17T01:47:28","date_gmt":"2026-04-16T23:47:28","guid":{"rendered":"https:\/\/rubi.com.py\/index.php\/producto\/parlante-con-luz-2-micro-cuadrado-color-surtido\/"},"modified":"2026-04-17T01:47:28","modified_gmt":"2026-04-16T23:47:28","slug":"parlante-con-luz-2-micro-cuadrado-color-surtido","status":"publish","type":"product","link":"https:\/\/rubi.com.py\/index.php\/producto\/parlante-con-luz-2-micro-cuadrado-color-surtido\/","title":{"rendered":"PARLANTE CON LUZ + 2 MICRO CUADRADO COLOR SURTIDO"},"content":{"rendered":"<p>PARLANTE CON LUZ + 2 MICRO CUADRADO COLOR SURTIDO Caracter\u00edsticas: &#8211; 2 micr\u00f3fonos &#8211; Dise\u00f1o port\u00e1til &#8211; Asa integrada &#8211; Luces LED<\/p>\n","protected":false},"excerpt":{"rendered":"<p>PARLANTE CON LUZ + 2 MICRO CUADRADO COLOR SURTIDO<\/p>\n","protected":false},"featured_media":0,"comment_status":"open","ping_status":"closed","template":"","meta":{"_et_pb_use_builder":"","_et_pb_old_content":"","_et_gb_content_width":""},"product_brand":[],"product_cat":[46],"product_tag":[],"class_list":{"0":"post-2784","1":"product","2":"type-product","3":"status-publish","5":"product_cat-tecnologia","7":"first","8":"instock","9":"shipping-taxable","10":"purchasable","11":"product-type-simple"},"_links":{"self":[{"href":"https:\/\/rubi.com.py\/index.php\/wp-json\/wp\/v2\/product\/2784","targetHints":{"allow":["GET"]}}],"collection":[{"href":"https:\/\/rubi.com.py\/index.php\/wp-json\/wp\/v2\/product"}],"about":[{"href":"https:\/\/rubi.com.py\/index.php\/wp-json\/wp\/v2\/types\/product"}],"replies":[{"embeddable":true,"href":"https:\/\/rubi.com.py\/index.php\/wp-json\/wp\/v2\/comments?post=2784"}],"wp:attachment":[{"href":"https:\/\/rubi.com.py\/index.php\/wp-json\/wp\/v2\/media?parent=2784"}],"wp:term":[{"taxonomy":"product_brand","embeddable":true,"href":"https:\/\/rubi.com.py\/index.php\/wp-json\/wp\/v2\/product_brand?post=2784"},{"taxonomy":"product_cat","embeddable":true,"href":"https:\/\/rubi.com.py\/index.php\/wp-json\/wp\/v2\/product_cat?post=2784"},{"taxonomy":"product_tag","embeddable":true,"href":"https:\/\/rubi.com.py\/index.php\/wp-json\/wp\/v2\/product_tag?post=2784"}],"curies":[{"name":"wp","href":"https:\/\/api.w.org\/{rel}","templated":true}]}}