{"id":2788,"date":"2026-04-17T01:48:40","date_gmt":"2026-04-16T23:48:40","guid":{"rendered":"https:\/\/rubi.com.py\/index.php\/producto\/bolso-conservador-6l-23x16x16cm\/"},"modified":"2026-04-17T01:48:40","modified_gmt":"2026-04-16T23:48:40","slug":"bolso-conservador-6l-23x16x16cm","status":"publish","type":"product","link":"https:\/\/rubi.com.py\/index.php\/producto\/bolso-conservador-6l-23x16x16cm\/","title":{"rendered":"BOLSO CONSERVADOR 6L 23x16x16CM"},"content":{"rendered":"<p>BOLSO CONSERVADOR 6L 23x16x16CM Caracter\u00edsticas: &#8211; Conserva fr\u00edo y calor &#8211; Liviano y pr\u00e1ctico &#8211; F\u00e1cil de transportar &#8211; Material impermeable<\/p>\n","protected":false},"excerpt":{"rendered":"<p>BOLSO CONSERVADOR 6L 23x16x16CM<\/p>\n","protected":false},"featured_media":2787,"comment_status":"open","ping_status":"closed","template":"","meta":{"_et_pb_use_builder":"","_et_pb_old_content":"","_et_gb_content_width":""},"product_brand":[],"product_cat":[30,38],"product_tag":[],"class_list":{"0":"post-2788","1":"product","2":"type-product","3":"status-publish","4":"has-post-thumbnail","6":"product_cat-actividades-al-aire-libre","7":"product_cat-hogar-y-limpieza","9":"first","10":"instock","11":"shipping-taxable","12":"purchasable","13":"product-type-simple"},"_links":{"self":[{"href":"https:\/\/rubi.com.py\/index.php\/wp-json\/wp\/v2\/product\/2788","targetHints":{"allow":["GET"]}}],"collection":[{"href":"https:\/\/rubi.com.py\/index.php\/wp-json\/wp\/v2\/product"}],"about":[{"href":"https:\/\/rubi.com.py\/index.php\/wp-json\/wp\/v2\/types\/product"}],"replies":[{"embeddable":true,"href":"https:\/\/rubi.com.py\/index.php\/wp-json\/wp\/v2\/comments?post=2788"}],"wp:featuredmedia":[{"embeddable":true,"href":"https:\/\/rubi.com.py\/index.php\/wp-json\/wp\/v2\/media\/2787"}],"wp:attachment":[{"href":"https:\/\/rubi.com.py\/index.php\/wp-json\/wp\/v2\/media?parent=2788"}],"wp:term":[{"taxonomy":"product_brand","embeddable":true,"href":"https:\/\/rubi.com.py\/index.php\/wp-json\/wp\/v2\/product_brand?post=2788"},{"taxonomy":"product_cat","embeddable":true,"href":"https:\/\/rubi.com.py\/index.php\/wp-json\/wp\/v2\/product_cat?post=2788"},{"taxonomy":"product_tag","embeddable":true,"href":"https:\/\/rubi.com.py\/index.php\/wp-json\/wp\/v2\/product_tag?post=2788"}],"curies":[{"name":"wp","href":"https:\/\/api.w.org\/{rel}","templated":true}]}}