{"id":2798,"date":"2026-04-17T13:13:14","date_gmt":"2026-04-17T11:13:14","guid":{"rendered":"https:\/\/rubi.com.py\/index.php\/producto\/calculadora-kenko-837b\/"},"modified":"2026-04-17T13:13:34","modified_gmt":"2026-04-17T11:13:34","slug":"calculadora-kenko-837b","status":"publish","type":"product","link":"https:\/\/rubi.com.py\/index.php\/producto\/calculadora-kenko-837b\/","title":{"rendered":"CALCULADORA KENKO 837B"},"content":{"rendered":"<p>CALCULADORA KENKO 837B Caracter\u00edsticas: -12 d\u00edgitos -Precisi\u00f3n y comodidad -Capacidad de mostrar hasta 12 d\u00edgitos -Dise\u00f1o inclinado -Operaciones b\u00e1scias -Leva pilas AA (no incluye) -15X10cm<\/p>\n","protected":false},"excerpt":{"rendered":"<p>CALCULADORA KENKO 837B<\/p>\n","protected":false},"featured_media":0,"comment_status":"open","ping_status":"closed","template":"","meta":{"_et_pb_use_builder":"","_et_pb_old_content":"","_et_gb_content_width":""},"product_brand":[],"product_cat":[39,46],"product_tag":[],"class_list":{"0":"post-2798","1":"product","2":"type-product","3":"status-publish","5":"product_cat-industria-comercio-y-campo","6":"product_cat-tecnologia","8":"first","9":"instock","10":"shipping-taxable","11":"purchasable","12":"product-type-simple"},"_links":{"self":[{"href":"https:\/\/rubi.com.py\/index.php\/wp-json\/wp\/v2\/product\/2798","targetHints":{"allow":["GET"]}}],"collection":[{"href":"https:\/\/rubi.com.py\/index.php\/wp-json\/wp\/v2\/product"}],"about":[{"href":"https:\/\/rubi.com.py\/index.php\/wp-json\/wp\/v2\/types\/product"}],"replies":[{"embeddable":true,"href":"https:\/\/rubi.com.py\/index.php\/wp-json\/wp\/v2\/comments?post=2798"}],"wp:attachment":[{"href":"https:\/\/rubi.com.py\/index.php\/wp-json\/wp\/v2\/media?parent=2798"}],"wp:term":[{"taxonomy":"product_brand","embeddable":true,"href":"https:\/\/rubi.com.py\/index.php\/wp-json\/wp\/v2\/product_brand?post=2798"},{"taxonomy":"product_cat","embeddable":true,"href":"https:\/\/rubi.com.py\/index.php\/wp-json\/wp\/v2\/product_cat?post=2798"},{"taxonomy":"product_tag","embeddable":true,"href":"https:\/\/rubi.com.py\/index.php\/wp-json\/wp\/v2\/product_tag?post=2798"}],"curies":[{"name":"wp","href":"https:\/\/api.w.org\/{rel}","templated":true}]}}