{"id":2799,"date":"2026-04-17T13:13:55","date_gmt":"2026-04-17T11:13:55","guid":{"rendered":"https:\/\/rubi.com.py\/index.php\/producto\/kit-entren-mancuernas-barra-pesas-30-kg-c-guantes\/"},"modified":"2026-04-17T13:15:22","modified_gmt":"2026-04-17T11:15:22","slug":"kit-entren-mancuernas-barra-pesas-30-kg-c-guantes","status":"publish","type":"product","link":"https:\/\/rubi.com.py\/index.php\/producto\/kit-entren-mancuernas-barra-pesas-30-kg-c-guantes\/","title":{"rendered":"KIT ENTREN MANCUERNAS\/BARRA PESAS 30 KG C\/GUANTES"},"content":{"rendered":"<p>KIT ENTREN MANCUERNAS\/BARRA PESAS 30 KG C\/GUANTES Caracter\u00edsticas: -1 barra larga de 120 cm. -6 discos de 5 kg. -2 cierres de resorte para asegurar las pesas. -Superficie de agarre: 20 cm; di\u00e1metro de los orificios: 31 mm. -Discos con recubrimiento de pl\u00e1stico, no ara\u00f1an los suelos.<\/p>\n","protected":false},"excerpt":{"rendered":"<p>KIT ENTREN MANCUERNAS\/BARRA PESAS 30 KG C\/GUANTES<\/p>\n","protected":false},"featured_media":0,"comment_status":"open","ping_status":"closed","template":"","meta":{"_et_pb_use_builder":"","_et_pb_old_content":"","_et_gb_content_width":""},"product_brand":[],"product_cat":[35],"product_tag":[],"class_list":{"0":"post-2799","1":"product","2":"type-product","3":"status-publish","5":"product_cat-equipos-de-gimnasia","7":"first","8":"instock","9":"shipping-taxable","10":"purchasable","11":"product-type-simple"},"_links":{"self":[{"href":"https:\/\/rubi.com.py\/index.php\/wp-json\/wp\/v2\/product\/2799","targetHints":{"allow":["GET"]}}],"collection":[{"href":"https:\/\/rubi.com.py\/index.php\/wp-json\/wp\/v2\/product"}],"about":[{"href":"https:\/\/rubi.com.py\/index.php\/wp-json\/wp\/v2\/types\/product"}],"replies":[{"embeddable":true,"href":"https:\/\/rubi.com.py\/index.php\/wp-json\/wp\/v2\/comments?post=2799"}],"wp:attachment":[{"href":"https:\/\/rubi.com.py\/index.php\/wp-json\/wp\/v2\/media?parent=2799"}],"wp:term":[{"taxonomy":"product_brand","embeddable":true,"href":"https:\/\/rubi.com.py\/index.php\/wp-json\/wp\/v2\/product_brand?post=2799"},{"taxonomy":"product_cat","embeddable":true,"href":"https:\/\/rubi.com.py\/index.php\/wp-json\/wp\/v2\/product_cat?post=2799"},{"taxonomy":"product_tag","embeddable":true,"href":"https:\/\/rubi.com.py\/index.php\/wp-json\/wp\/v2\/product_tag?post=2799"}],"curies":[{"name":"wp","href":"https:\/\/api.w.org\/{rel}","templated":true}]}}