{"id":2800,"date":"2026-04-17T13:15:56","date_gmt":"2026-04-17T11:15:56","guid":{"rendered":"https:\/\/rubi.com.py\/index.php\/producto\/kit-de-mancuernas-15-kg-20-kg-30-kg\/"},"modified":"2026-04-17T13:15:56","modified_gmt":"2026-04-17T11:15:56","slug":"kit-de-mancuernas-15-kg-20-kg-30-kg","status":"publish","type":"product","link":"https:\/\/rubi.com.py\/index.php\/producto\/kit-de-mancuernas-15-kg-20-kg-30-kg\/","title":{"rendered":"KIT DE MANCUERNAS 15 KG \/ 20 KG \/ 30 KG"},"content":{"rendered":"<p>KIT DE MANCUERNAS 15 KG \/ 20 KG \/ 30 KG Caracter\u00edsticas: Estructura en Acero Dise\u00f1o ergon\u00f3mico 4 discos en hierro fundido de 0,5 Kg cada uno 4 discos en hierro fundido de 1,25 Kg cada uno 4 collares roscados en hierro fundido 2 mancuernas cromadas de 35cm con agarre antideslizant<\/p>\n","protected":false},"excerpt":{"rendered":"<p>KIT DE MANCUERNAS 15 KG \/ 20 KG \/ 30 KG<\/p>\n","protected":false},"featured_media":0,"comment_status":"open","ping_status":"closed","template":"","meta":{"_et_pb_use_builder":"","_et_pb_old_content":"","_et_gb_content_width":""},"product_brand":[],"product_cat":[35],"product_tag":[],"class_list":{"0":"post-2800","1":"product","2":"type-product","3":"status-publish","5":"product_cat-equipos-de-gimnasia","7":"first","8":"instock","9":"shipping-taxable","10":"purchasable","11":"product-type-simple"},"_links":{"self":[{"href":"https:\/\/rubi.com.py\/index.php\/wp-json\/wp\/v2\/product\/2800","targetHints":{"allow":["GET"]}}],"collection":[{"href":"https:\/\/rubi.com.py\/index.php\/wp-json\/wp\/v2\/product"}],"about":[{"href":"https:\/\/rubi.com.py\/index.php\/wp-json\/wp\/v2\/types\/product"}],"replies":[{"embeddable":true,"href":"https:\/\/rubi.com.py\/index.php\/wp-json\/wp\/v2\/comments?post=2800"}],"wp:attachment":[{"href":"https:\/\/rubi.com.py\/index.php\/wp-json\/wp\/v2\/media?parent=2800"}],"wp:term":[{"taxonomy":"product_brand","embeddable":true,"href":"https:\/\/rubi.com.py\/index.php\/wp-json\/wp\/v2\/product_brand?post=2800"},{"taxonomy":"product_cat","embeddable":true,"href":"https:\/\/rubi.com.py\/index.php\/wp-json\/wp\/v2\/product_cat?post=2800"},{"taxonomy":"product_tag","embeddable":true,"href":"https:\/\/rubi.com.py\/index.php\/wp-json\/wp\/v2\/product_tag?post=2800"}],"curies":[{"name":"wp","href":"https:\/\/api.w.org\/{rel}","templated":true}]}}