{"id":2802,"date":"2026-04-17T13:16:39","date_gmt":"2026-04-17T11:16:39","guid":{"rendered":"https:\/\/rubi.com.py\/index.php\/producto\/maquina-de-boxeo-para-pared-ninos-blanco-negro\/"},"modified":"2026-04-17T13:16:39","modified_gmt":"2026-04-17T11:16:39","slug":"maquina-de-boxeo-para-pared-ninos-blanco-negro","status":"publish","type":"product","link":"https:\/\/rubi.com.py\/index.php\/producto\/maquina-de-boxeo-para-pared-ninos-blanco-negro\/","title":{"rendered":"MAQUINA DE BOXEO PARA PARED NI\u00d1OS BLANCO\/NEGRO"},"content":{"rendered":"<p>MAQUINA DE BOXEO PARA PARED NI\u00d1OS BLANCO\/NEGRO Caracter\u00edsticas: \u00ab-9 velocidades -5 niveles de volumen -Cable extra largo de 1.50 m -Pantalla LED -Conexi\u00f3n inal\u00e1mbrica inteligente -Altavoz -Superficie de impacto de espuma el\u00e1stica -Funciona a bater\u00eda -Cable USB -Incluye 2 guantes\u00bb<\/p>\n","protected":false},"excerpt":{"rendered":"<p>MAQUINA DE BOXEO PARA PARED NI\u00d1OS BLANCO\/NEGRO<\/p>\n","protected":false},"featured_media":0,"comment_status":"open","ping_status":"closed","template":"","meta":{"_et_pb_use_builder":"","_et_pb_old_content":"","_et_gb_content_width":""},"product_brand":[],"product_cat":[35,40],"product_tag":[],"class_list":{"0":"post-2802","1":"product","2":"type-product","3":"status-publish","5":"product_cat-equipos-de-gimnasia","6":"product_cat-juguetes-y-juegos","8":"first","9":"instock","10":"shipping-taxable","11":"purchasable","12":"product-type-simple"},"_links":{"self":[{"href":"https:\/\/rubi.com.py\/index.php\/wp-json\/wp\/v2\/product\/2802","targetHints":{"allow":["GET"]}}],"collection":[{"href":"https:\/\/rubi.com.py\/index.php\/wp-json\/wp\/v2\/product"}],"about":[{"href":"https:\/\/rubi.com.py\/index.php\/wp-json\/wp\/v2\/types\/product"}],"replies":[{"embeddable":true,"href":"https:\/\/rubi.com.py\/index.php\/wp-json\/wp\/v2\/comments?post=2802"}],"wp:attachment":[{"href":"https:\/\/rubi.com.py\/index.php\/wp-json\/wp\/v2\/media?parent=2802"}],"wp:term":[{"taxonomy":"product_brand","embeddable":true,"href":"https:\/\/rubi.com.py\/index.php\/wp-json\/wp\/v2\/product_brand?post=2802"},{"taxonomy":"product_cat","embeddable":true,"href":"https:\/\/rubi.com.py\/index.php\/wp-json\/wp\/v2\/product_cat?post=2802"},{"taxonomy":"product_tag","embeddable":true,"href":"https:\/\/rubi.com.py\/index.php\/wp-json\/wp\/v2\/product_tag?post=2802"}],"curies":[{"name":"wp","href":"https:\/\/api.w.org\/{rel}","templated":true}]}}