{"id":2807,"date":"2026-04-17T13:20:03","date_gmt":"2026-04-17T11:20:03","guid":{"rendered":"https:\/\/rubi.com.py\/index.php\/producto\/camara-infantil-portatil-c-impresora-celeste\/"},"modified":"2026-04-17T13:20:03","modified_gmt":"2026-04-17T11:20:03","slug":"camara-infantil-portatil-c-impresora-celeste","status":"publish","type":"product","link":"https:\/\/rubi.com.py\/index.php\/producto\/camara-infantil-portatil-c-impresora-celeste\/","title":{"rendered":"C\u00c1MARA INFANTIL PORT\u00c1TIL C\/ IMPRESORA. CELESTE"},"content":{"rendered":"<p>C\u00c1MARA INFANTIL PORT\u00c1TIL C\/ IMPRESORA. CELESTE Caracter\u00edsticas: -Captura de Video\/Foto -Resoluci\u00f3n: HD -Impresi\u00f3n Instant\u00e1nea -Dise\u00f1o Infantil: F\u00e1cil de usar y adaptado para ni\u00f1os -Pantalla LCD: Pantalla clara para visualizaci\u00f3n de fotos y videos -Botones Intuitivos: Controles sencillos y f\u00e1ciles de operar -Trae un rollo -Incluye correa mu\u00f1equera<\/p>\n","protected":false},"excerpt":{"rendered":"<p>C\u00c1MARA INFANTIL PORT\u00c1TIL C\/ IMPRESORA. CELESTE<\/p>\n","protected":false},"featured_media":0,"comment_status":"open","ping_status":"closed","template":"","meta":{"_et_pb_use_builder":"","_et_pb_old_content":"","_et_gb_content_width":""},"product_brand":[],"product_cat":[40,46],"product_tag":[],"class_list":{"0":"post-2807","1":"product","2":"type-product","3":"status-publish","5":"product_cat-juguetes-y-juegos","6":"product_cat-tecnologia","8":"first","9":"instock","10":"shipping-taxable","11":"purchasable","12":"product-type-simple"},"_links":{"self":[{"href":"https:\/\/rubi.com.py\/index.php\/wp-json\/wp\/v2\/product\/2807","targetHints":{"allow":["GET"]}}],"collection":[{"href":"https:\/\/rubi.com.py\/index.php\/wp-json\/wp\/v2\/product"}],"about":[{"href":"https:\/\/rubi.com.py\/index.php\/wp-json\/wp\/v2\/types\/product"}],"replies":[{"embeddable":true,"href":"https:\/\/rubi.com.py\/index.php\/wp-json\/wp\/v2\/comments?post=2807"}],"wp:attachment":[{"href":"https:\/\/rubi.com.py\/index.php\/wp-json\/wp\/v2\/media?parent=2807"}],"wp:term":[{"taxonomy":"product_brand","embeddable":true,"href":"https:\/\/rubi.com.py\/index.php\/wp-json\/wp\/v2\/product_brand?post=2807"},{"taxonomy":"product_cat","embeddable":true,"href":"https:\/\/rubi.com.py\/index.php\/wp-json\/wp\/v2\/product_cat?post=2807"},{"taxonomy":"product_tag","embeddable":true,"href":"https:\/\/rubi.com.py\/index.php\/wp-json\/wp\/v2\/product_tag?post=2807"}],"curies":[{"name":"wp","href":"https:\/\/api.w.org\/{rel}","templated":true}]}}